{"id":9593,"date":"2019-03-05T04:36:33","date_gmt":"2019-03-05T02:36:33","guid":{"rendered":"https:\/\/montecenci.com\/?page_id=9593"},"modified":"2021-04-30T14:00:49","modified_gmt":"2021-04-30T12:00:49","slug":"faqs","status":"publish","type":"page","link":"https:\/\/montecenci.com\/it\/faqs\/","title":{"rendered":"FAQs"},"content":{"rendered":"<p>[vc_row][vc_column width=&#8221;1\/6&#8243;][\/vc_column][vc_column width=&#8221;2\/3&#8243;][vc_column_text]<\/p>\n<div class=\"st-service\">\n<p>Hai domande riguardanti il Boutique Hotel Monte Cenci? Di seguito troverai alcune risposte a domande frequenti che potrebbero aiutarti durante il processo di prenotazione. Se non trovi le risposte che cerchi, ti invitiamo ad andare nella pagina Contatti dell&#8217;Hotel e sar\u00e0 nostro piacere rispondere a tutte le tue richieste.<\/p>\n<\/div>\n<p>[\/vc_column_text][\/vc_column][vc_column width=&#8221;1\/6&#8243;][\/vc_column][\/vc_row][vc_row][vc_column][vc_empty_space height=&#8221;80px&#8221;][\/vc_column][\/vc_row][vc_row][vc_column width=&#8221;1\/6&#8243;][\/vc_column][vc_column width=&#8221;2\/3&#8243;][vc_toggle title=&#8221;Trovo la Reception \u00e8 sempre aperta?&#8221; style=&#8221;simple&#8221; custom_font_container=&#8221;tag:h3|text_align:left&#8221; use_custom_heading=&#8221;true&#8221;]Si, la Reception \u00e8 aperta 24-ore, cos\u00ec il nostro Concierge potr\u00e0 aiutarti in qualsiasi momento.[\/vc_toggle][vc_toggle title=&#8221;A che ora \u00e8 il Check-in \/ Check-out?&#8221; style=&#8221;simple&#8221; custom_font_container=&#8221;tag:h3|text_align:left&#8221; use_custom_heading=&#8221;true&#8221;]Il Check-in inizia alle ore 14:00, il Check-out \u00e8 alle ore 11:00.[\/vc_toggle][vc_toggle title=&#8221;\u00c9 possibile fare il Check-in anticipato? Posso lasciare i bagagli?&#8221; style=&#8221;simple&#8221; custom_font_container=&#8221;tag:h3|text_align:left&#8221; use_custom_heading=&#8221;true&#8221;]Se arrivi in anticipo rispetto all&#8217;orario previsto per il Check-in e la camera \u00e8 pronta e disponibile sar\u00e0 nostro piacere procedere con il Check-in, al contrario se la camera non \u00e8 disponibile puoi sempre lasciare i bagagli al sicuro nel nostro deposito. Faremo il possibile per darti la camera il prima possibile. Nel frattempo potrai rilassarti nel nostro terrazzo bevendo qualcosa di fresco o fare una passeggiata intorno all&#8217;Hotel posizionato al centro di Roma.[\/vc_toggle][vc_toggle title=&#8221;\u00c9 possibile fare il Check-in anticipato? Posso lasciare i bagagli?&#8221; style=&#8221;simple&#8221; custom_font_container=&#8221;tag:h3|text_align:left&#8221; use_custom_heading=&#8221;true&#8221;]Se arrivi in anticipo rispetto all&#8217;orario previsto per il Check-in e la camera \u00e8 pronta e disponibile sar\u00e0 nostro piacere procedere con il Check-in, al contrario se la camera non \u00e8 disponibile puoi sempre lasciare i bagagli al sicuro nel nostro deposito. Faremo il possibile per darti la camera il prima possibile. Nel frattempo potrai rilassarti nel nostro terrazzo bevendo qualcosa di fresco o fare una passeggiata intorno all&#8217;Hotel posizionato al centro di Roma.[\/vc_toggle][vc_toggle title=&#8221;Posso lasciare le valigie?&#8221; style=&#8221;simple&#8221; custom_font_container=&#8221;tag:h3|text_align:left&#8221; use_custom_heading=&#8221;true&#8221;]Puoi lasciare le valigie nel nostro deposito. Il servizio \u00e8 disponibile in caso di arrivo anticipato o dopo il Check-out.[\/vc_toggle][vc_toggle title=&#8221;La colazione \u00e8 inclusa? Che tipo di colazione offrite?&#8221; style=&#8221;simple&#8221; custom_font_container=&#8221;tag:h3|text_align:left&#8221; use_custom_heading=&#8221;true&#8221;]La colazione \u00e8 sempre inclusa, sar\u00e0 nostro piacere servirla dalle 07:00 alle 10:30 nella nostra sala interna o sulla nostra meravigliosa terrazza. Proponiamo quattro differenti tipi di colazione: Continentale, Italiana, Inglese\/Irlandese e Kosher. La nostra offerta include ogni tipo di bevanda calda e fredda (caff\u00e8, t\u00e8, latte, latte di soia, cappuccino, succo d&#8217;arancia&#8230;), marmellata, burro, miele, specialit\u00e0 dolci come i cornetti, mini-muffin, ciambelle, torte, cereali e salato come formaggio, pane, uova, prosciutto.[\/vc_toggle][vc_toggle title=&#8221;\u00c9 possibile mangiare uno snack o bere qualcosa in Hotel?&#8221; style=&#8221;simple&#8221; custom_font_container=&#8221;tag:h3|text_align:left&#8221; use_custom_heading=&#8221;true&#8221;]Puoi gustare i nostri snack salati e bere qualcosa rilassandoti nella nostra terrazza affascinante; Forniamo cocktail raffinati, vini italiani italian (selezione di rosso e bianco), il tipico Aperitivo all&#8217;italiana e bevande calde abbinate a differenti desserts.[\/vc_toggle][vc_toggle title=&#8221;Siete forniti di culla da far trovare in camera?&#8221; style=&#8221;simple&#8221; custom_font_container=&#8221;tag:h3|text_align:left&#8221; use_custom_heading=&#8221;true&#8221;]Cortesemente, informateci prima dell&#8217;arrivo se necessitate di una culla. Sar\u00e0 nostra cura fartela trovare in camera gratuitamente il giorno del tuo arrivo.[\/vc_toggle][vc_toggle title=&#8221;C&#8217;\u00e8 un ascensore nell&#8217; Hotel Monte Cenci?&#8221; style=&#8221;simple&#8221; custom_font_container=&#8221;tag:h3|text_align:left&#8221; use_custom_heading=&#8221;true&#8221;]Si, siamo forniti di un ascensore che arriva a tutti i piani.[\/vc_toggle][vc_toggle title=&#8221;C&#8217;\u00e8 la possibilit\u00e0 di usare una connessione Wi-Fi?&#8221; style=&#8221;simple&#8221; custom_font_container=&#8221;tag:h3|text_align:left&#8221; use_custom_heading=&#8221;true&#8221;]La Wi-Fi \u00e8 disponibile gratuitamente in tutto l&#8217;Hotel.[\/vc_toggle][vc_toggle title=&#8221;Siete dotati del Servizio Lavanderia?&#8221; style=&#8221;simple&#8221; custom_font_container=&#8221;tag:h3|text_align:left&#8221; use_custom_heading=&#8221;true&#8221;]Il servizio \u00e8 disponibile tutti i giorni (fatta eccezione per il Sabato, Domenica e Festivi).[\/vc_toggle][vc_toggle title=&#8221;Offrite la possibilit\u00e0 di prenotare un Tour per Roma?&#8221; style=&#8221;simple&#8221; custom_font_container=&#8221;tag:h3|text_align:left&#8221; use_custom_heading=&#8221;true&#8221;]Si, il nostro Concierge sar\u00e0 lieto di assisterti nella fase di prenotazione del Tour che pi\u00f9 ti piace. Possiamo suggerirti e guidarti nella prenotazione di entrambi i Tour privati e con gruppi.\u00a0 Se preferisci esplorare la citt\u00e0 seduto su un Bus aperto, possiamo prenotarlo per te. In pi\u00f9, possiamo mostrarti dove puoi noleggiare una bici e scoprire la citt\u00e0 eterna pedalando tra i vicoli di Roma.[\/vc_toggle][vc_toggle title=&#8221;Suggerite negozi dove fare shopping?&#8221; style=&#8221;simple&#8221; custom_font_container=&#8221;tag:h3|text_align:left&#8221; use_custom_heading=&#8221;true&#8221;]Scopri dove i romani fanno di solito shopping: Via del Corso e tutte le lunghe strade che vanno da Piazza Venezia a Piazza del Popolo. Poi, vicino a Piazza di Spagna, \u00e8 possibile trovare alcuni dei pi\u00f9 grandi nomi della moda italiana come Valentino, Prada, Bulgari, Cavalli, Fendi. Altrimenti potrete vivere un&#8217;intera giornata all&#8217;Outlet di Castel Romano grazie ad uno speciale Shopping Day tour che potremmo organizzare per voi.[\/vc_toggle][\/vc_column][vc_column width=&#8221;1\/6&#8243;][\/vc_column][\/vc_row]<\/p>\n","protected":false},"excerpt":{"rendered":"<p>[vc_row][vc_column width=&#8221;1\/6&#8243;][\/vc_column][vc_column width=&#8221;2\/3&#8243;][vc_column_text] Hai domande riguardanti il Boutique Hotel Monte Cenci? Di seguito troverai alcune risposte a domande frequenti che potrebbero aiutarti durante il processo di prenotazione. Se non trovi le risposte che cerchi, ti invitiamo ad andare nella pagina Contatti dell&#8217;Hotel e sar\u00e0 nostro piacere rispondere a tutte le tue richieste. [\/vc_column_text][\/vc_column][vc_column width=&#8221;1\/6&#8243;][\/vc_column][\/vc_row][vc_row][vc_column][vc_empty_space height=&#8221;80px&#8221;][\/vc_column][\/vc_row][vc_row][vc_column [&hellip;]<\/p>\n","protected":false},"author":3,"featured_media":9468,"parent":0,"menu_order":0,"comment_status":"closed","ping_status":"closed","template":"template-single-hotel-modern.php","meta":{"_acf_changed":false,"footnotes":""},"class_list":["post-9593","page","type-page","status-publish","has-post-thumbnail","hentry"],"acf":[],"yoast_head":"<!-- This site is optimized with the Yoast SEO plugin v27.4 - https:\/\/yoast.com\/product\/yoast-seo-wordpress\/ -->\n<title>FAQs - Boutique Hotel Monte Cenci<\/title>\n<meta name=\"robots\" content=\"index, follow, max-snippet:-1, max-image-preview:large, max-video-preview:-1\" \/>\n<link rel=\"canonical\" href=\"https:\/\/montecenci.com\/it\/faqs\/\" \/>\n<meta property=\"og:locale\" content=\"it_IT\" \/>\n<meta property=\"og:type\" content=\"article\" \/>\n<meta property=\"og:title\" content=\"FAQs - Boutique Hotel Monte Cenci\" \/>\n<meta property=\"og:description\" content=\"[vc_row][vc_column width=&#8221;1\/6&#8243;][\/vc_column][vc_column width=&#8221;2\/3&#8243;][vc_column_text] Hai domande riguardanti il Boutique Hotel Monte Cenci? Di seguito troverai alcune risposte a domande frequenti che potrebbero aiutarti durante il processo di prenotazione. Se non trovi le risposte che cerchi, ti invitiamo ad andare nella pagina Contatti dell&#8217;Hotel e sar\u00e0 nostro piacere rispondere a tutte le tue richieste. [\/vc_column_text][\/vc_column][vc_column width=&#8221;1\/6&#8243;][\/vc_column][\/vc_row][vc_row][vc_column][vc_empty_space height=&#8221;80px&#8221;][\/vc_column][\/vc_row][vc_row][vc_column [&hellip;]\" \/>\n<meta property=\"og:url\" content=\"https:\/\/montecenci.com\/it\/faqs\/\" \/>\n<meta property=\"og:site_name\" content=\"Boutique Hotel Monte Cenci\" \/>\n<meta property=\"article:modified_time\" content=\"2021-04-30T12:00:49+00:00\" \/>\n<meta property=\"og:image\" content=\"https:\/\/montecenci.com\/wp-content\/uploads\/2021\/02\/Roma-17.jpg\" \/>\n\t<meta property=\"og:image:width\" content=\"2000\" \/>\n\t<meta property=\"og:image:height\" content=\"1335\" \/>\n\t<meta property=\"og:image:type\" content=\"image\/jpeg\" \/>\n<meta name=\"twitter:card\" content=\"summary_large_image\" \/>\n<meta name=\"twitter:label1\" content=\"Tempo di lettura stimato\" \/>\n\t<meta name=\"twitter:data1\" content=\"3 minuti\" \/>\n<script type=\"application\/ld+json\" class=\"yoast-schema-graph\">{\"@context\":\"https:\\\/\\\/schema.org\",\"@graph\":[{\"@type\":\"WebPage\",\"@id\":\"https:\\\/\\\/montecenci.com\\\/it\\\/faqs\\\/\",\"url\":\"https:\\\/\\\/montecenci.com\\\/it\\\/faqs\\\/\",\"name\":\"FAQs - Boutique Hotel Monte Cenci\",\"isPartOf\":{\"@id\":\"https:\\\/\\\/montecenci.com\\\/#website\"},\"primaryImageOfPage\":{\"@id\":\"https:\\\/\\\/montecenci.com\\\/it\\\/faqs\\\/#primaryimage\"},\"image\":{\"@id\":\"https:\\\/\\\/montecenci.com\\\/it\\\/faqs\\\/#primaryimage\"},\"thumbnailUrl\":\"https:\\\/\\\/montecenci.com\\\/wp-content\\\/uploads\\\/2021\\\/02\\\/Roma-17.jpg\",\"datePublished\":\"2019-03-05T02:36:33+00:00\",\"dateModified\":\"2021-04-30T12:00:49+00:00\",\"breadcrumb\":{\"@id\":\"https:\\\/\\\/montecenci.com\\\/it\\\/faqs\\\/#breadcrumb\"},\"inLanguage\":\"it-IT\",\"potentialAction\":[{\"@type\":\"ReadAction\",\"target\":[\"https:\\\/\\\/montecenci.com\\\/it\\\/faqs\\\/\"]}]},{\"@type\":\"ImageObject\",\"inLanguage\":\"it-IT\",\"@id\":\"https:\\\/\\\/montecenci.com\\\/it\\\/faqs\\\/#primaryimage\",\"url\":\"https:\\\/\\\/montecenci.com\\\/wp-content\\\/uploads\\\/2021\\\/02\\\/Roma-17.jpg\",\"contentUrl\":\"https:\\\/\\\/montecenci.com\\\/wp-content\\\/uploads\\\/2021\\\/02\\\/Roma-17.jpg\",\"width\":2000,\"height\":1335},{\"@type\":\"BreadcrumbList\",\"@id\":\"https:\\\/\\\/montecenci.com\\\/it\\\/faqs\\\/#breadcrumb\",\"itemListElement\":[{\"@type\":\"ListItem\",\"position\":1,\"name\":\"Home\",\"item\":\"https:\\\/\\\/montecenci.com\\\/it\\\/\"},{\"@type\":\"ListItem\",\"position\":2,\"name\":\"FAQs\"}]},{\"@type\":\"WebSite\",\"@id\":\"https:\\\/\\\/montecenci.com\\\/#website\",\"url\":\"https:\\\/\\\/montecenci.com\\\/\",\"name\":\"Boutique Hotel Monte Cenci\",\"description\":\"\",\"potentialAction\":[{\"@type\":\"SearchAction\",\"target\":{\"@type\":\"EntryPoint\",\"urlTemplate\":\"https:\\\/\\\/montecenci.com\\\/?s={search_term_string}\"},\"query-input\":{\"@type\":\"PropertyValueSpecification\",\"valueRequired\":true,\"valueName\":\"search_term_string\"}}],\"inLanguage\":\"it-IT\"}]}<\/script>\n<!-- \/ Yoast SEO plugin. -->","yoast_head_json":{"title":"FAQs - Boutique Hotel Monte Cenci","robots":{"index":"index","follow":"follow","max-snippet":"max-snippet:-1","max-image-preview":"max-image-preview:large","max-video-preview":"max-video-preview:-1"},"canonical":"https:\/\/montecenci.com\/it\/faqs\/","og_locale":"it_IT","og_type":"article","og_title":"FAQs - Boutique Hotel Monte Cenci","og_description":"[vc_row][vc_column width=&#8221;1\/6&#8243;][\/vc_column][vc_column width=&#8221;2\/3&#8243;][vc_column_text] Hai domande riguardanti il Boutique Hotel Monte Cenci? Di seguito troverai alcune risposte a domande frequenti che potrebbero aiutarti durante il processo di prenotazione. Se non trovi le risposte che cerchi, ti invitiamo ad andare nella pagina Contatti dell&#8217;Hotel e sar\u00e0 nostro piacere rispondere a tutte le tue richieste. [\/vc_column_text][\/vc_column][vc_column width=&#8221;1\/6&#8243;][\/vc_column][\/vc_row][vc_row][vc_column][vc_empty_space height=&#8221;80px&#8221;][\/vc_column][\/vc_row][vc_row][vc_column [&hellip;]","og_url":"https:\/\/montecenci.com\/it\/faqs\/","og_site_name":"Boutique Hotel Monte Cenci","article_modified_time":"2021-04-30T12:00:49+00:00","og_image":[{"width":2000,"height":1335,"url":"https:\/\/montecenci.com\/wp-content\/uploads\/2021\/02\/Roma-17.jpg","type":"image\/jpeg"}],"twitter_card":"summary_large_image","twitter_misc":{"Tempo di lettura stimato":"3 minuti"},"schema":{"@context":"https:\/\/schema.org","@graph":[{"@type":"WebPage","@id":"https:\/\/montecenci.com\/it\/faqs\/","url":"https:\/\/montecenci.com\/it\/faqs\/","name":"FAQs - Boutique Hotel Monte Cenci","isPartOf":{"@id":"https:\/\/montecenci.com\/#website"},"primaryImageOfPage":{"@id":"https:\/\/montecenci.com\/it\/faqs\/#primaryimage"},"image":{"@id":"https:\/\/montecenci.com\/it\/faqs\/#primaryimage"},"thumbnailUrl":"https:\/\/montecenci.com\/wp-content\/uploads\/2021\/02\/Roma-17.jpg","datePublished":"2019-03-05T02:36:33+00:00","dateModified":"2021-04-30T12:00:49+00:00","breadcrumb":{"@id":"https:\/\/montecenci.com\/it\/faqs\/#breadcrumb"},"inLanguage":"it-IT","potentialAction":[{"@type":"ReadAction","target":["https:\/\/montecenci.com\/it\/faqs\/"]}]},{"@type":"ImageObject","inLanguage":"it-IT","@id":"https:\/\/montecenci.com\/it\/faqs\/#primaryimage","url":"https:\/\/montecenci.com\/wp-content\/uploads\/2021\/02\/Roma-17.jpg","contentUrl":"https:\/\/montecenci.com\/wp-content\/uploads\/2021\/02\/Roma-17.jpg","width":2000,"height":1335},{"@type":"BreadcrumbList","@id":"https:\/\/montecenci.com\/it\/faqs\/#breadcrumb","itemListElement":[{"@type":"ListItem","position":1,"name":"Home","item":"https:\/\/montecenci.com\/it\/"},{"@type":"ListItem","position":2,"name":"FAQs"}]},{"@type":"WebSite","@id":"https:\/\/montecenci.com\/#website","url":"https:\/\/montecenci.com\/","name":"Boutique Hotel Monte Cenci","description":"","potentialAction":[{"@type":"SearchAction","target":{"@type":"EntryPoint","urlTemplate":"https:\/\/montecenci.com\/?s={search_term_string}"},"query-input":{"@type":"PropertyValueSpecification","valueRequired":true,"valueName":"search_term_string"}}],"inLanguage":"it-IT"}]}},"_links":{"self":[{"href":"https:\/\/montecenci.com\/it\/wp-json\/wp\/v2\/pages\/9593","targetHints":{"allow":["GET"]}}],"collection":[{"href":"https:\/\/montecenci.com\/it\/wp-json\/wp\/v2\/pages"}],"about":[{"href":"https:\/\/montecenci.com\/it\/wp-json\/wp\/v2\/types\/page"}],"author":[{"embeddable":true,"href":"https:\/\/montecenci.com\/it\/wp-json\/wp\/v2\/users\/3"}],"replies":[{"embeddable":true,"href":"https:\/\/montecenci.com\/it\/wp-json\/wp\/v2\/comments?post=9593"}],"version-history":[{"count":0,"href":"https:\/\/montecenci.com\/it\/wp-json\/wp\/v2\/pages\/9593\/revisions"}],"wp:featuredmedia":[{"embeddable":true,"href":"https:\/\/montecenci.com\/it\/wp-json\/wp\/v2\/media\/9468"}],"wp:attachment":[{"href":"https:\/\/montecenci.com\/it\/wp-json\/wp\/v2\/media?parent=9593"}],"curies":[{"name":"wp","href":"https:\/\/api.w.org\/{rel}","templated":true}]}}