{"id":9609,"date":"2021-02-09T10:51:10","date_gmt":"2021-02-09T08:51:10","guid":{"rendered":"https:\/\/montecenci.com\/?page_id=9609"},"modified":"2021-04-30T13:46:46","modified_gmt":"2021-04-30T11:46:46","slug":"hotel-amenities","status":"publish","type":"page","link":"https:\/\/montecenci.com\/it\/hotel-amenities\/","title":{"rendered":"Hotel Amenities"},"content":{"rendered":"<p>[vc_row][vc_column width=&#8221;1\/6&#8243;][\/vc_column][vc_column width=&#8221;2\/3&#8243;][vc_column_text]<\/p>\n<div class=\"st-service\">\n<p>Relax &amp; benessere in casa<br \/>\nI nostri servizi al Boutique Hotel di Roma<\/p>\n<\/div>\n<p>[\/vc_column_text][\/vc_column][vc_column width=&#8221;1\/6&#8243;][\/vc_column][\/vc_row][vc_row][vc_column][vc_empty_space height=&#8221;80px&#8221;][\/vc_column][\/vc_row][vc_row content_placement=&#8221;middle&#8221;][vc_column width=&#8221;1\/2&#8243; css=&#8221;.vc_custom_1553050491441{padding-right: 30px !important;}&#8221;][vc_single_image image=&#8221;9095&#8243; img_size=&#8221;full&#8221; el_class=&#8221;st-height-570&#8243;][\/vc_column][vc_column width=&#8221;1\/2&#8243; css=&#8221;.vc_custom_1553050481177{padding-left: 30px !important;}&#8221;]    <div class=\"content-text padding-0 st-default\">\r\n        <div class=\"st-text-center\">\r\n            <h2 class=\"st_default  style-2 \">Comfort and Relaxation at the Monte Cenci: we make lighter your stay<\/h2>\r\n            <div class=\"box__separator  hidden-thumb \"><\/div>\r\n            <div class=\"st_default\">La definizione dei termini comfort e relax per noi riflette l\u2019idea alla base del nostro boutique hotel: lusso e benessere. Da noi hai la possibilit\u00e0 di vivere Roma con gli stessi agi di casa! Che sia un viaggio di lavoro o di piacere, il nostro hotel mette a disposizione degli ospiti una vasta gamma di servizi indispensabili per un soggiorno conveniente e confortevole.<\/p>\n<h4><strong>Servizio di Concierge aperto h24<\/strong><\/h4>\n<p>Il nostro <a href=\"http:\/\/www.montecenci.com\/concierge\/\">Concierge<\/a> professionale \u00e8 sempre pronto a fornire assistenza nella pianificazione di qualsiasi aspetto del tuo viaggio.<\/p>\n<h4><strong>Check-in \/ Check-out<\/strong><\/h4>\n<p>Il Check-in inizia alle 14:00. Se arrivi prima di questo orario, metteremo i bagagli in deposito mentre sei fuori alla scoperta della citt\u00e0. Il Check-out \u00e8 entro le ore 11:00. Offriamo la possibilit\u00e0, su disponibilit\u00e0, di effettuare il late Check-out.<\/p>\n<h4><strong>Transfer da e per l&#8217;Aeroporto<\/strong><\/h4>\n<p>Organizziamo pick-up e drop-off privati con servizio di limousine e farti risparmiare tempo e denaro, mettendo a tua disposizione il servizio NCC con conducente professionista, da e per entrambi gli aeroporti (Fiumicino e Ciampino).<\/p>\n<h4><strong>Servizio di facchinaggio<\/strong><\/h4>\n<p>Il servizio di facchinaggio \u00e8 attivo dalle 07:00 alle 23:00.<\/p>\n<h4><strong>Servizio di pulizia ai piani<\/strong><\/h4>\n<p>Le nostre cameriere ai piani riordinano le stanze dalle 08:00 alle 15:00. Contatta il Front Desk per qualsiasi particolare esigenza.<\/p>\n<h4><strong>Servizio di Lavanderia<\/strong><\/h4>\n<p>Sar\u00e0 nostro piacere, previa richiesta, ritirare i vostri indumenti e portarli in lavanderia.<\/p>\n<h4><strong>Servizio in Camera<\/strong><\/h4>\n<p>Approfitta del piacere e della convenienza della colazione nella totale privacy della tua camera. Servizio disponibile dalle 07:00 alle 10:30.<\/p>\n<h4><strong>Aria condizionata & Riscaldamento<\/strong><\/h4>\n<p>Tutte le camere sono dotate di aria condizionata e riscaldamento, controllati da termostati individuali. Questo significa che puoi impostare la temperatura a tuo piacimento!<\/p>\n<h4><strong>Carte di credito<\/strong><\/h4>\n<p>Accettiamo le principali carte di credito. Chiama in reception per maggiori informazioni!<\/p>\n<h4><strong>Lingue Parlate <\/strong><\/h4>\n<p>I membri del nostro staff professionale parlano inglese, italiano, spagnolo, francese, russo, polacco e portoghese.<\/div>\r\n        <\/div>\r\n    <\/div>\r\n[\/vc_column][\/vc_row][vc_row][vc_column][vc_empty_space height=&#8221;140px&#8221;][\/vc_column][\/vc_row]<\/p>\n","protected":false},"excerpt":{"rendered":"<p>[vc_row][vc_column width=&#8221;1\/6&#8243;][\/vc_column][vc_column width=&#8221;2\/3&#8243;][vc_column_text] Relax &amp; benessere in casa I nostri servizi al Boutique Hotel di Roma [\/vc_column_text][\/vc_column][vc_column width=&#8221;1\/6&#8243;][\/vc_column][\/vc_row][vc_row][vc_column][vc_empty_space height=&#8221;80px&#8221;][\/vc_column][\/vc_row][vc_row content_placement=&#8221;middle&#8221;][vc_column width=&#8221;1\/2&#8243; css=&#8221;.vc_custom_1553050491441{padding-right: 30px !important;}&#8221;][vc_single_image image=&#8221;9095&#8243; img_size=&#8221;full&#8221; el_class=&#8221;st-height-570&#8243;][\/vc_column][vc_column width=&#8221;1\/2&#8243; css=&#8221;.vc_custom_1553050481177{padding-left: 30px !important;}&#8221;][\/vc_column][\/vc_row][vc_row][vc_column][vc_empty_space height=&#8221;140px&#8221;][\/vc_column][\/vc_row]<\/p>\n","protected":false},"author":3,"featured_media":9228,"parent":0,"menu_order":0,"comment_status":"closed","ping_status":"closed","template":"template-single-hotel-modern.php","meta":{"_acf_changed":false,"footnotes":""},"class_list":["post-9609","page","type-page","status-publish","has-post-thumbnail","hentry"],"acf":[],"yoast_head":"<!-- This site is optimized with the Yoast SEO plugin v27.3 - https:\/\/yoast.com\/product\/yoast-seo-wordpress\/ -->\n<title>Hotel Amenities - Boutique Hotel Monte Cenci<\/title>\n<meta name=\"robots\" content=\"index, follow, max-snippet:-1, max-image-preview:large, max-video-preview:-1\" \/>\n<link rel=\"canonical\" href=\"https:\/\/montecenci.com\/it\/hotel-amenities\/\" \/>\n<meta property=\"og:locale\" content=\"it_IT\" \/>\n<meta property=\"og:type\" content=\"article\" \/>\n<meta property=\"og:title\" content=\"Hotel Amenities - Boutique Hotel Monte Cenci\" \/>\n<meta property=\"og:description\" content=\"[vc_row][vc_column width=&#8221;1\/6&#8243;][\/vc_column][vc_column width=&#8221;2\/3&#8243;][vc_column_text] Relax &amp; benessere in casa I nostri servizi al Boutique Hotel di Roma [\/vc_column_text][\/vc_column][vc_column width=&#8221;1\/6&#8243;][\/vc_column][\/vc_row][vc_row][vc_column][vc_empty_space height=&#8221;80px&#8221;][\/vc_column][\/vc_row][vc_row content_placement=&#8221;middle&#8221;][vc_column width=&#8221;1\/2&#8243; css=&#8221;.vc_custom_1553050491441{padding-right: 30px !important;}&#8221;][vc_single_image image=&#8221;9095&#8243; img_size=&#8221;full&#8221; el_class=&#8221;st-height-570&#8243;][\/vc_column][vc_column width=&#8221;1\/2&#8243; css=&#8221;.vc_custom_1553050481177{padding-left: 30px !important;}&#8221;][\/vc_column][\/vc_row][vc_row][vc_column][vc_empty_space height=&#8221;140px&#8221;][\/vc_column][\/vc_row]\" \/>\n<meta property=\"og:url\" content=\"https:\/\/montecenci.com\/it\/hotel-amenities\/\" \/>\n<meta property=\"og:site_name\" content=\"Boutique Hotel Monte Cenci\" \/>\n<meta property=\"article:modified_time\" content=\"2021-04-30T11:46:46+00:00\" \/>\n<meta property=\"og:image\" content=\"https:\/\/montecenci.com\/wp-content\/uploads\/2021\/02\/0113amenities.jpg\" \/>\n\t<meta property=\"og:image:width\" content=\"1040\" \/>\n\t<meta property=\"og:image:height\" content=\"498\" \/>\n\t<meta property=\"og:image:type\" content=\"image\/jpeg\" \/>\n<meta name=\"twitter:card\" content=\"summary_large_image\" \/>\n<meta name=\"twitter:label1\" content=\"Tempo di lettura stimato\" \/>\n\t<meta name=\"twitter:data1\" content=\"2 minuti\" \/>\n<script type=\"application\/ld+json\" class=\"yoast-schema-graph\">{\"@context\":\"https:\\\/\\\/schema.org\",\"@graph\":[{\"@type\":\"WebPage\",\"@id\":\"https:\\\/\\\/montecenci.com\\\/it\\\/hotel-amenities\\\/\",\"url\":\"https:\\\/\\\/montecenci.com\\\/it\\\/hotel-amenities\\\/\",\"name\":\"Hotel Amenities - Boutique Hotel Monte Cenci\",\"isPartOf\":{\"@id\":\"https:\\\/\\\/montecenci.com\\\/#website\"},\"primaryImageOfPage\":{\"@id\":\"https:\\\/\\\/montecenci.com\\\/it\\\/hotel-amenities\\\/#primaryimage\"},\"image\":{\"@id\":\"https:\\\/\\\/montecenci.com\\\/it\\\/hotel-amenities\\\/#primaryimage\"},\"thumbnailUrl\":\"https:\\\/\\\/montecenci.com\\\/wp-content\\\/uploads\\\/2021\\\/02\\\/0113amenities.jpg\",\"datePublished\":\"2021-02-09T08:51:10+00:00\",\"dateModified\":\"2021-04-30T11:46:46+00:00\",\"breadcrumb\":{\"@id\":\"https:\\\/\\\/montecenci.com\\\/it\\\/hotel-amenities\\\/#breadcrumb\"},\"inLanguage\":\"it-IT\",\"potentialAction\":[{\"@type\":\"ReadAction\",\"target\":[\"https:\\\/\\\/montecenci.com\\\/it\\\/hotel-amenities\\\/\"]}]},{\"@type\":\"ImageObject\",\"inLanguage\":\"it-IT\",\"@id\":\"https:\\\/\\\/montecenci.com\\\/it\\\/hotel-amenities\\\/#primaryimage\",\"url\":\"https:\\\/\\\/montecenci.com\\\/wp-content\\\/uploads\\\/2021\\\/02\\\/0113amenities.jpg\",\"contentUrl\":\"https:\\\/\\\/montecenci.com\\\/wp-content\\\/uploads\\\/2021\\\/02\\\/0113amenities.jpg\",\"width\":1040,\"height\":498},{\"@type\":\"BreadcrumbList\",\"@id\":\"https:\\\/\\\/montecenci.com\\\/it\\\/hotel-amenities\\\/#breadcrumb\",\"itemListElement\":[{\"@type\":\"ListItem\",\"position\":1,\"name\":\"Home\",\"item\":\"https:\\\/\\\/montecenci.com\\\/it\\\/\"},{\"@type\":\"ListItem\",\"position\":2,\"name\":\"Hotel Amenities\"}]},{\"@type\":\"WebSite\",\"@id\":\"https:\\\/\\\/montecenci.com\\\/#website\",\"url\":\"https:\\\/\\\/montecenci.com\\\/\",\"name\":\"Boutique Hotel Monte Cenci\",\"description\":\"\",\"potentialAction\":[{\"@type\":\"SearchAction\",\"target\":{\"@type\":\"EntryPoint\",\"urlTemplate\":\"https:\\\/\\\/montecenci.com\\\/?s={search_term_string}\"},\"query-input\":{\"@type\":\"PropertyValueSpecification\",\"valueRequired\":true,\"valueName\":\"search_term_string\"}}],\"inLanguage\":\"it-IT\"}]}<\/script>\n<!-- \/ Yoast SEO plugin. -->","yoast_head_json":{"title":"Hotel Amenities - Boutique Hotel Monte Cenci","robots":{"index":"index","follow":"follow","max-snippet":"max-snippet:-1","max-image-preview":"max-image-preview:large","max-video-preview":"max-video-preview:-1"},"canonical":"https:\/\/montecenci.com\/it\/hotel-amenities\/","og_locale":"it_IT","og_type":"article","og_title":"Hotel Amenities - Boutique Hotel Monte Cenci","og_description":"[vc_row][vc_column width=&#8221;1\/6&#8243;][\/vc_column][vc_column width=&#8221;2\/3&#8243;][vc_column_text] Relax &amp; benessere in casa I nostri servizi al Boutique Hotel di Roma [\/vc_column_text][\/vc_column][vc_column width=&#8221;1\/6&#8243;][\/vc_column][\/vc_row][vc_row][vc_column][vc_empty_space height=&#8221;80px&#8221;][\/vc_column][\/vc_row][vc_row content_placement=&#8221;middle&#8221;][vc_column width=&#8221;1\/2&#8243; css=&#8221;.vc_custom_1553050491441{padding-right: 30px !important;}&#8221;][vc_single_image image=&#8221;9095&#8243; img_size=&#8221;full&#8221; el_class=&#8221;st-height-570&#8243;][\/vc_column][vc_column width=&#8221;1\/2&#8243; css=&#8221;.vc_custom_1553050481177{padding-left: 30px !important;}&#8221;][\/vc_column][\/vc_row][vc_row][vc_column][vc_empty_space height=&#8221;140px&#8221;][\/vc_column][\/vc_row]","og_url":"https:\/\/montecenci.com\/it\/hotel-amenities\/","og_site_name":"Boutique Hotel Monte Cenci","article_modified_time":"2021-04-30T11:46:46+00:00","og_image":[{"width":1040,"height":498,"url":"https:\/\/montecenci.com\/wp-content\/uploads\/2021\/02\/0113amenities.jpg","type":"image\/jpeg"}],"twitter_card":"summary_large_image","twitter_misc":{"Tempo di lettura stimato":"2 minuti"},"schema":{"@context":"https:\/\/schema.org","@graph":[{"@type":"WebPage","@id":"https:\/\/montecenci.com\/it\/hotel-amenities\/","url":"https:\/\/montecenci.com\/it\/hotel-amenities\/","name":"Hotel Amenities - Boutique Hotel Monte Cenci","isPartOf":{"@id":"https:\/\/montecenci.com\/#website"},"primaryImageOfPage":{"@id":"https:\/\/montecenci.com\/it\/hotel-amenities\/#primaryimage"},"image":{"@id":"https:\/\/montecenci.com\/it\/hotel-amenities\/#primaryimage"},"thumbnailUrl":"https:\/\/montecenci.com\/wp-content\/uploads\/2021\/02\/0113amenities.jpg","datePublished":"2021-02-09T08:51:10+00:00","dateModified":"2021-04-30T11:46:46+00:00","breadcrumb":{"@id":"https:\/\/montecenci.com\/it\/hotel-amenities\/#breadcrumb"},"inLanguage":"it-IT","potentialAction":[{"@type":"ReadAction","target":["https:\/\/montecenci.com\/it\/hotel-amenities\/"]}]},{"@type":"ImageObject","inLanguage":"it-IT","@id":"https:\/\/montecenci.com\/it\/hotel-amenities\/#primaryimage","url":"https:\/\/montecenci.com\/wp-content\/uploads\/2021\/02\/0113amenities.jpg","contentUrl":"https:\/\/montecenci.com\/wp-content\/uploads\/2021\/02\/0113amenities.jpg","width":1040,"height":498},{"@type":"BreadcrumbList","@id":"https:\/\/montecenci.com\/it\/hotel-amenities\/#breadcrumb","itemListElement":[{"@type":"ListItem","position":1,"name":"Home","item":"https:\/\/montecenci.com\/it\/"},{"@type":"ListItem","position":2,"name":"Hotel Amenities"}]},{"@type":"WebSite","@id":"https:\/\/montecenci.com\/#website","url":"https:\/\/montecenci.com\/","name":"Boutique Hotel Monte Cenci","description":"","potentialAction":[{"@type":"SearchAction","target":{"@type":"EntryPoint","urlTemplate":"https:\/\/montecenci.com\/?s={search_term_string}"},"query-input":{"@type":"PropertyValueSpecification","valueRequired":true,"valueName":"search_term_string"}}],"inLanguage":"it-IT"}]}},"_links":{"self":[{"href":"https:\/\/montecenci.com\/it\/wp-json\/wp\/v2\/pages\/9609","targetHints":{"allow":["GET"]}}],"collection":[{"href":"https:\/\/montecenci.com\/it\/wp-json\/wp\/v2\/pages"}],"about":[{"href":"https:\/\/montecenci.com\/it\/wp-json\/wp\/v2\/types\/page"}],"author":[{"embeddable":true,"href":"https:\/\/montecenci.com\/it\/wp-json\/wp\/v2\/users\/3"}],"replies":[{"embeddable":true,"href":"https:\/\/montecenci.com\/it\/wp-json\/wp\/v2\/comments?post=9609"}],"version-history":[{"count":0,"href":"https:\/\/montecenci.com\/it\/wp-json\/wp\/v2\/pages\/9609\/revisions"}],"wp:featuredmedia":[{"embeddable":true,"href":"https:\/\/montecenci.com\/it\/wp-json\/wp\/v2\/media\/9228"}],"wp:attachment":[{"href":"https:\/\/montecenci.com\/it\/wp-json\/wp\/v2\/media?parent=9609"}],"curies":[{"name":"wp","href":"https:\/\/api.w.org\/{rel}","templated":true}]}}