{"id":9619,"date":"2021-02-08T18:24:44","date_gmt":"2021-02-08T16:24:44","guid":{"rendered":"https:\/\/montecenci.com\/?page_id=9619"},"modified":"2021-04-30T14:51:47","modified_gmt":"2021-04-30T12:51:47","slug":"the-boutique-hotel","status":"publish","type":"page","link":"https:\/\/montecenci.com\/it\/the-boutique-hotel\/","title":{"rendered":"Il Boutique Hotel"},"content":{"rendered":"<p>[vc_row][vc_column width=&#8221;1\/6&#8243;][\/vc_column][vc_column width=&#8221;2\/3&#8243;][vc_column_text]<\/p>\n<div class=\"st-service\">\n<p>Proprio dove vuoi essere &#8230;<br \/>\n\u2026 Il nostro Boutique Hotel a Roma<\/p>\n<\/div>\n<p>[\/vc_column_text][\/vc_column][vc_column width=&#8221;1\/6&#8243;][\/vc_column][\/vc_row][vc_row][vc_column][vc_empty_space height=&#8221;80px&#8221;][\/vc_column][\/vc_row][vc_row content_placement=&#8221;middle&#8221;][vc_column width=&#8221;1\/2&#8243; css=&#8221;.vc_custom_1553050491441{padding-right: 30px !important;}&#8221;][vc_single_image image=&#8221;9089&#8243; img_size=&#8221;full&#8221; el_class=&#8221;st-height-570&#8243;][\/vc_column][vc_column width=&#8221;1\/2&#8243; css=&#8221;.vc_custom_1553050481177{padding-left: 30px !important;}&#8221;]    <div class=\"content-text padding-0 st-default\">\r\n        <div class=\"st-text-center\">\r\n            <h2 class=\"st_default  style-2 \">Rimani ispirato nel nostro Boutique Hotel<\/h2>\r\n            <div class=\"box__separator  hidden-thumb \"><\/div>\r\n            <div class=\"st_default\">Qui al Boutique Hotel Monte Cenci di Roma, trova il mix speciale tra professionalit\u00e0 e comodit\u00e0 di casa. Il nostro obiettivo \u00e8 rendere speciale ogni momento del tuo soggiorno. Sarai entusiasta della nostra posizione unica a Roma: siamo a pochi minuti dal Pantheon, Piazza Navona e Campo de &#8216;Fiori.<\/p>\n<p>Raggiungi tutti i principali punti di interesse della Citt\u00e0 Eterna a pochi passi: il Ghetto Ebraico; l&#8217;area sacra di Largo Argentina; Piazza Venezia; e l&#8217;area archeologica, comprendente il Colosseo, il Foro Romano e il Palatino.<\/p>\n<p>Il nostro personale esperto si prende cura del tuo comfort al Monte Cenci Boutique Hotel, dove design e armonia sono la chiave per rendere questo il tuo miglior viaggio di sempre.<br \/>\nTutte le nostre 30 camere sono state arredate individualmente da artigiani locali e ogni pezzo \u00e8 stato selezionato appositamente per le esigenze dei nostri ospiti.<\/p>\n<p>Tutte le nostre camere sono arredate con materassi Simmons e non potrai dimenticare la loro morbidezza dopo una notte di sonno riposante. Nel bagno, la combinazione di una doccia in vetro o di un box da bagno e del marmo classico conferisce un effetto sorprendente e moderno.<\/p>\n<p>Dopo un&#8217;intensa giornata a Roma, prenditi del tempo per scoprire il nostro Roof Garden e Wine Bar, il posto migliore per rilassarti la sera ammirando una vista impressionante di Roma.<\/p>\n<p>Durante il vostro soggiorno a Monte Cenci, il nostro Concierge sar\u00e0 pronto in ogni momento per rendere il vostro soggiorno indimenticabile. Vuoi scoprire tutti i segreti di Roma?<\/p>\n<p>Chiedi al nostro Concierge! Possiamo gestire le tue prenotazioni delle seguenti opzioni: trasferimento in limousine dall&#8217;aeroporto, autobus guidato o privato e tour a piedi della citt\u00e0, noleggio auto e moto, ristoranti e molto altro!<\/div>\r\n        <\/div>\r\n    <\/div>\r\n[\/vc_column][\/vc_row][vc_row][vc_column][vc_empty_space height=&#8221;140px&#8221;][\/vc_column][\/vc_row]<\/p>\n","protected":false},"excerpt":{"rendered":"<p>[vc_row][vc_column width=&#8221;1\/6&#8243;][\/vc_column][vc_column width=&#8221;2\/3&#8243;][vc_column_text] Proprio dove vuoi essere &#8230; \u2026 Il nostro Boutique Hotel a Roma [\/vc_column_text][\/vc_column][vc_column width=&#8221;1\/6&#8243;][\/vc_column][\/vc_row][vc_row][vc_column][vc_empty_space height=&#8221;80px&#8221;][\/vc_column][\/vc_row][vc_row content_placement=&#8221;middle&#8221;][vc_column width=&#8221;1\/2&#8243; css=&#8221;.vc_custom_1553050491441{padding-right: 30px !important;}&#8221;][vc_single_image image=&#8221;9089&#8243; img_size=&#8221;full&#8221; el_class=&#8221;st-height-570&#8243;][\/vc_column][vc_column width=&#8221;1\/2&#8243; css=&#8221;.vc_custom_1553050481177{padding-left: 30px !important;}&#8221;][\/vc_column][\/vc_row][vc_row][vc_column][vc_empty_space height=&#8221;140px&#8221;][\/vc_column][\/vc_row]<\/p>\n","protected":false},"author":3,"featured_media":9094,"parent":0,"menu_order":0,"comment_status":"closed","ping_status":"closed","template":"template-single-hotel-modern.php","meta":{"_acf_changed":false,"footnotes":""},"class_list":["post-9619","page","type-page","status-publish","has-post-thumbnail","hentry"],"acf":[],"yoast_head":"<!-- This site is optimized with the Yoast SEO plugin v27.3 - https:\/\/yoast.com\/product\/yoast-seo-wordpress\/ -->\n<title>Il Boutique Hotel - Boutique Hotel Monte Cenci<\/title>\n<meta name=\"robots\" content=\"index, follow, max-snippet:-1, max-image-preview:large, max-video-preview:-1\" \/>\n<link rel=\"canonical\" href=\"https:\/\/montecenci.com\/it\/the-boutique-hotel\/\" \/>\n<meta property=\"og:locale\" content=\"it_IT\" \/>\n<meta property=\"og:type\" content=\"article\" \/>\n<meta property=\"og:title\" content=\"Il Boutique Hotel - Boutique Hotel Monte Cenci\" \/>\n<meta property=\"og:description\" content=\"[vc_row][vc_column width=&#8221;1\/6&#8243;][\/vc_column][vc_column width=&#8221;2\/3&#8243;][vc_column_text] Proprio dove vuoi essere &#8230; \u2026 Il nostro Boutique Hotel a Roma [\/vc_column_text][\/vc_column][vc_column width=&#8221;1\/6&#8243;][\/vc_column][\/vc_row][vc_row][vc_column][vc_empty_space height=&#8221;80px&#8221;][\/vc_column][\/vc_row][vc_row content_placement=&#8221;middle&#8221;][vc_column width=&#8221;1\/2&#8243; css=&#8221;.vc_custom_1553050491441{padding-right: 30px !important;}&#8221;][vc_single_image image=&#8221;9089&#8243; img_size=&#8221;full&#8221; el_class=&#8221;st-height-570&#8243;][\/vc_column][vc_column width=&#8221;1\/2&#8243; css=&#8221;.vc_custom_1553050481177{padding-left: 30px !important;}&#8221;][\/vc_column][\/vc_row][vc_row][vc_column][vc_empty_space height=&#8221;140px&#8221;][\/vc_column][\/vc_row]\" \/>\n<meta property=\"og:url\" content=\"https:\/\/montecenci.com\/it\/the-boutique-hotel\/\" \/>\n<meta property=\"og:site_name\" content=\"Boutique Hotel Monte Cenci\" \/>\n<meta property=\"article:modified_time\" content=\"2021-04-30T12:51:47+00:00\" \/>\n<meta property=\"og:image\" content=\"https:\/\/montecenci.com\/wp-content\/uploads\/2020\/05\/14A6241.jpg\" \/>\n\t<meta property=\"og:image:width\" content=\"1600\" \/>\n\t<meta property=\"og:image:height\" content=\"1067\" \/>\n\t<meta property=\"og:image:type\" content=\"image\/jpeg\" \/>\n<meta name=\"twitter:card\" content=\"summary_large_image\" \/>\n<meta name=\"twitter:label1\" content=\"Tempo di lettura stimato\" \/>\n\t<meta name=\"twitter:data1\" content=\"2 minuti\" \/>\n<script type=\"application\/ld+json\" class=\"yoast-schema-graph\">{\"@context\":\"https:\\\/\\\/schema.org\",\"@graph\":[{\"@type\":\"WebPage\",\"@id\":\"https:\\\/\\\/montecenci.com\\\/it\\\/the-boutique-hotel\\\/\",\"url\":\"https:\\\/\\\/montecenci.com\\\/it\\\/the-boutique-hotel\\\/\",\"name\":\"Il Boutique Hotel - Boutique Hotel Monte Cenci\",\"isPartOf\":{\"@id\":\"https:\\\/\\\/montecenci.com\\\/#website\"},\"primaryImageOfPage\":{\"@id\":\"https:\\\/\\\/montecenci.com\\\/it\\\/the-boutique-hotel\\\/#primaryimage\"},\"image\":{\"@id\":\"https:\\\/\\\/montecenci.com\\\/it\\\/the-boutique-hotel\\\/#primaryimage\"},\"thumbnailUrl\":\"https:\\\/\\\/montecenci.com\\\/wp-content\\\/uploads\\\/2020\\\/05\\\/14A6241.jpg\",\"datePublished\":\"2021-02-08T16:24:44+00:00\",\"dateModified\":\"2021-04-30T12:51:47+00:00\",\"breadcrumb\":{\"@id\":\"https:\\\/\\\/montecenci.com\\\/it\\\/the-boutique-hotel\\\/#breadcrumb\"},\"inLanguage\":\"it-IT\",\"potentialAction\":[{\"@type\":\"ReadAction\",\"target\":[\"https:\\\/\\\/montecenci.com\\\/it\\\/the-boutique-hotel\\\/\"]}]},{\"@type\":\"ImageObject\",\"inLanguage\":\"it-IT\",\"@id\":\"https:\\\/\\\/montecenci.com\\\/it\\\/the-boutique-hotel\\\/#primaryimage\",\"url\":\"https:\\\/\\\/montecenci.com\\\/wp-content\\\/uploads\\\/2020\\\/05\\\/14A6241.jpg\",\"contentUrl\":\"https:\\\/\\\/montecenci.com\\\/wp-content\\\/uploads\\\/2020\\\/05\\\/14A6241.jpg\",\"width\":1600,\"height\":1067},{\"@type\":\"BreadcrumbList\",\"@id\":\"https:\\\/\\\/montecenci.com\\\/it\\\/the-boutique-hotel\\\/#breadcrumb\",\"itemListElement\":[{\"@type\":\"ListItem\",\"position\":1,\"name\":\"Home\",\"item\":\"https:\\\/\\\/montecenci.com\\\/it\\\/\"},{\"@type\":\"ListItem\",\"position\":2,\"name\":\"Il Boutique Hotel\"}]},{\"@type\":\"WebSite\",\"@id\":\"https:\\\/\\\/montecenci.com\\\/#website\",\"url\":\"https:\\\/\\\/montecenci.com\\\/\",\"name\":\"Boutique Hotel Monte Cenci\",\"description\":\"\",\"potentialAction\":[{\"@type\":\"SearchAction\",\"target\":{\"@type\":\"EntryPoint\",\"urlTemplate\":\"https:\\\/\\\/montecenci.com\\\/?s={search_term_string}\"},\"query-input\":{\"@type\":\"PropertyValueSpecification\",\"valueRequired\":true,\"valueName\":\"search_term_string\"}}],\"inLanguage\":\"it-IT\"}]}<\/script>\n<!-- \/ Yoast SEO plugin. -->","yoast_head_json":{"title":"Il Boutique Hotel - Boutique Hotel Monte Cenci","robots":{"index":"index","follow":"follow","max-snippet":"max-snippet:-1","max-image-preview":"max-image-preview:large","max-video-preview":"max-video-preview:-1"},"canonical":"https:\/\/montecenci.com\/it\/the-boutique-hotel\/","og_locale":"it_IT","og_type":"article","og_title":"Il Boutique Hotel - Boutique Hotel Monte Cenci","og_description":"[vc_row][vc_column width=&#8221;1\/6&#8243;][\/vc_column][vc_column width=&#8221;2\/3&#8243;][vc_column_text] Proprio dove vuoi essere &#8230; \u2026 Il nostro Boutique Hotel a Roma [\/vc_column_text][\/vc_column][vc_column width=&#8221;1\/6&#8243;][\/vc_column][\/vc_row][vc_row][vc_column][vc_empty_space height=&#8221;80px&#8221;][\/vc_column][\/vc_row][vc_row content_placement=&#8221;middle&#8221;][vc_column width=&#8221;1\/2&#8243; css=&#8221;.vc_custom_1553050491441{padding-right: 30px !important;}&#8221;][vc_single_image image=&#8221;9089&#8243; img_size=&#8221;full&#8221; el_class=&#8221;st-height-570&#8243;][\/vc_column][vc_column width=&#8221;1\/2&#8243; css=&#8221;.vc_custom_1553050481177{padding-left: 30px !important;}&#8221;][\/vc_column][\/vc_row][vc_row][vc_column][vc_empty_space height=&#8221;140px&#8221;][\/vc_column][\/vc_row]","og_url":"https:\/\/montecenci.com\/it\/the-boutique-hotel\/","og_site_name":"Boutique Hotel Monte Cenci","article_modified_time":"2021-04-30T12:51:47+00:00","og_image":[{"width":1600,"height":1067,"url":"https:\/\/montecenci.com\/wp-content\/uploads\/2020\/05\/14A6241.jpg","type":"image\/jpeg"}],"twitter_card":"summary_large_image","twitter_misc":{"Tempo di lettura stimato":"2 minuti"},"schema":{"@context":"https:\/\/schema.org","@graph":[{"@type":"WebPage","@id":"https:\/\/montecenci.com\/it\/the-boutique-hotel\/","url":"https:\/\/montecenci.com\/it\/the-boutique-hotel\/","name":"Il Boutique Hotel - Boutique Hotel Monte Cenci","isPartOf":{"@id":"https:\/\/montecenci.com\/#website"},"primaryImageOfPage":{"@id":"https:\/\/montecenci.com\/it\/the-boutique-hotel\/#primaryimage"},"image":{"@id":"https:\/\/montecenci.com\/it\/the-boutique-hotel\/#primaryimage"},"thumbnailUrl":"https:\/\/montecenci.com\/wp-content\/uploads\/2020\/05\/14A6241.jpg","datePublished":"2021-02-08T16:24:44+00:00","dateModified":"2021-04-30T12:51:47+00:00","breadcrumb":{"@id":"https:\/\/montecenci.com\/it\/the-boutique-hotel\/#breadcrumb"},"inLanguage":"it-IT","potentialAction":[{"@type":"ReadAction","target":["https:\/\/montecenci.com\/it\/the-boutique-hotel\/"]}]},{"@type":"ImageObject","inLanguage":"it-IT","@id":"https:\/\/montecenci.com\/it\/the-boutique-hotel\/#primaryimage","url":"https:\/\/montecenci.com\/wp-content\/uploads\/2020\/05\/14A6241.jpg","contentUrl":"https:\/\/montecenci.com\/wp-content\/uploads\/2020\/05\/14A6241.jpg","width":1600,"height":1067},{"@type":"BreadcrumbList","@id":"https:\/\/montecenci.com\/it\/the-boutique-hotel\/#breadcrumb","itemListElement":[{"@type":"ListItem","position":1,"name":"Home","item":"https:\/\/montecenci.com\/it\/"},{"@type":"ListItem","position":2,"name":"Il Boutique Hotel"}]},{"@type":"WebSite","@id":"https:\/\/montecenci.com\/#website","url":"https:\/\/montecenci.com\/","name":"Boutique Hotel Monte Cenci","description":"","potentialAction":[{"@type":"SearchAction","target":{"@type":"EntryPoint","urlTemplate":"https:\/\/montecenci.com\/?s={search_term_string}"},"query-input":{"@type":"PropertyValueSpecification","valueRequired":true,"valueName":"search_term_string"}}],"inLanguage":"it-IT"}]}},"_links":{"self":[{"href":"https:\/\/montecenci.com\/it\/wp-json\/wp\/v2\/pages\/9619","targetHints":{"allow":["GET"]}}],"collection":[{"href":"https:\/\/montecenci.com\/it\/wp-json\/wp\/v2\/pages"}],"about":[{"href":"https:\/\/montecenci.com\/it\/wp-json\/wp\/v2\/types\/page"}],"author":[{"embeddable":true,"href":"https:\/\/montecenci.com\/it\/wp-json\/wp\/v2\/users\/3"}],"replies":[{"embeddable":true,"href":"https:\/\/montecenci.com\/it\/wp-json\/wp\/v2\/comments?post=9619"}],"version-history":[{"count":0,"href":"https:\/\/montecenci.com\/it\/wp-json\/wp\/v2\/pages\/9619\/revisions"}],"wp:featuredmedia":[{"embeddable":true,"href":"https:\/\/montecenci.com\/it\/wp-json\/wp\/v2\/media\/9094"}],"wp:attachment":[{"href":"https:\/\/montecenci.com\/it\/wp-json\/wp\/v2\/media?parent=9619"}],"curies":[{"name":"wp","href":"https:\/\/api.w.org\/{rel}","templated":true}]}}