{"id":9625,"date":"2021-02-09T12:10:03","date_gmt":"2021-02-09T10:10:03","guid":{"rendered":"https:\/\/montecenci.com\/?page_id=9625"},"modified":"2021-05-04T12:06:25","modified_gmt":"2021-05-04T10:06:25","slug":"cose-da-fare-a-roma","status":"publish","type":"page","link":"https:\/\/montecenci.com\/it\/cose-da-fare-a-roma\/","title":{"rendered":"Cose da fare a Roma"},"content":{"rendered":"<p>[vc_row][vc_column width=&#8221;1\/6&#8243;][\/vc_column][vc_column width=&#8221;2\/3&#8243;][vc_column_text]<\/p>\n<div class=\"st-service\">\n<p>Migliori cose da fare a Roma!<\/p>\n<\/div>\n<p>[\/vc_column_text][\/vc_column][vc_column width=&#8221;1\/6&#8243;][\/vc_column][\/vc_row][vc_row][vc_column][vc_empty_space height=&#8221;80px&#8221;][\/vc_column][\/vc_row][vc_row content_placement=&#8221;middle&#8221; css=&#8221;.vc_custom_1612864883623{margin-bottom: 80px !important;}&#8221;][vc_column width=&#8221;1\/6&#8243; css=&#8221;.vc_custom_1553050481177{padding-left: 30px !important;}&#8221;][\/vc_column][vc_column width=&#8221;2\/3&#8243;]    <div class=\"content-text padding-0 st-default\">\r\n        <div class=\"st-text-center\">\r\n            <h2 class=\"text-center  style-2 \">I nostri suggerimenti per le migliori cose da fare a Roma<\/h2>\r\n            <div class=\"box__separator  hidden-thumb \"><\/div>\r\n            <div class=\"text-center\">Roma \u00e8 la citt\u00e0 migliore per passeggiare, quindi indossa un paio di scarpe comode e inizia a vagare. \u00c8 facile perdersi tra i vicoli e i quartieri di Roma, tutti raggiungibili in pochi secondi dall&#8217;Hotel Monte Cenci.<\/p>\n<p>Se sei a Roma solo per un periodo di tempo limitato, ti suggeriamo di partecipare a un tour, che ti far\u00e0 risparmiare tempo e fornir\u00e0 la migliore opportunit\u00e0 per imparare il pi\u00f9 possibile senza alcuno sforzo. Affidati a una guida professionista, che ti sveler\u00e0 tutti i segreti nascosti della Citt\u00e0 Eterna.<\/p>\n<p>La posizione del nostro boutique hotel lo rende il miglior punto di partenza per tutte le attrazioni romane e il <a href=\"http:\/\/www.montecenci.com\/concierge\/\"> Concierge Monte Cenci <\/a> sar\u00e0 lieto di suggerire a disposizione opzioni di tour.<\/div>\r\n        <\/div>\r\n    <\/div>\r\n[\/vc_column][vc_column width=&#8221;1\/6&#8243;][\/vc_column][\/vc_row][vc_row][vc_column width=&#8221;1\/4&#8243;][vc_single_image image=&#8221;9246&#8243; img_size=&#8221;large&#8221; alignment=&#8221;center&#8221; onclick=&#8221;custom_link&#8221; css=&#8221;.vc_custom_1612946806608{margin-bottom: 30px !important;}&#8221; link=&#8221;https:\/\/montecenci.com\/things-to-do-in-rome\/colosseum-roman-forum\/&#8221;]    <div class=\"content-text padding-0\">\r\n        <div class=\"st-text-center style-9\">\r\n            <h2 class=\"text-center style-9\">Colosseo &amp; Foro Romano<\/h2>\r\n            <div class=\"text-center style-9-content\"><\/div>\r\n        <\/div>\r\n    <\/div>\r\n\r\n[vc_empty_space height=&#8221;40px&#8221;]    <div class=\"content-text padding-0\">\r\n        <div class=\"st-text-center style-6\">\r\n            <h2 class=\"text-center style-6\"><\/h2>\r\n            <div class=\"text-center style-6-content\">Cogli l&#8217;occasione per visitare l&#8217;interno del Colosseo, noto anche come Anfiteatro Flavio. Il pi\u00f9 grande anfiteatro mai costruito, veniva utilizzato per spettacoli pubblici e gare di gladiatori.<\/div>\r\n        <\/div>\r\n    <\/div>\r\n[\/vc_column][vc_column width=&#8221;1\/4&#8243;][vc_single_image image=&#8221;9252&#8243; img_size=&#8221;large&#8221; alignment=&#8221;center&#8221; onclick=&#8221;custom_link&#8221; css=&#8221;.vc_custom_1612947622114{margin-bottom: 30px !important;}&#8221; link=&#8221;https:\/\/montecenci.com\/things-to-do-in-rome\/vatican-st-peter-basilica\/&#8221;]    <div class=\"content-text padding-0\">\r\n        <div class=\"st-text-center style-9\">\r\n            <h2 class=\"text-center style-9\">Scopri la Citt\u00e0 del Vaticano<\/h2>\r\n            <div class=\"text-center style-9-content\"><\/div>\r\n        <\/div>\r\n    <\/div>\r\n\r\n[vc_empty_space height=&#8221;40px&#8221;]    <div class=\"content-text padding-0\">\r\n        <div class=\"st-text-center style-6\">\r\n            <h2 class=\"text-center style-6\"><\/h2>\r\n            <div class=\"text-center style-6-content\">All&#8217;interno dei Musei Vaticani si possono ammirare i migliori dipinti, sculture e opere d&#8217;arte collezionate dai Papi nel corso dei secoli.<\/div>\r\n        <\/div>\r\n    <\/div>\r\n[\/vc_column][vc_column width=&#8221;1\/4&#8243;][vc_single_image image=&#8221;9254&#8243; img_size=&#8221;large&#8221; alignment=&#8221;center&#8221; onclick=&#8221;custom_link&#8221; css=&#8221;.vc_custom_1612947629539{margin-bottom: 30px !important;}&#8221; link=&#8221;https:\/\/montecenci.com\/things-to-do-in-rome\/jewish-ghetto-trastevere\/&#8221;]    <div class=\"content-text padding-0\">\r\n        <div class=\"st-text-center style-9\">\r\n            <h2 class=\"text-center style-9\">Ghetto, Trastevere e l&#039;Isola Tiberina<\/h2>\r\n            <div class=\"text-center style-9-content\"><\/div>\r\n        <\/div>\r\n    <\/div>\r\n\r\n    <div class=\"content-text padding-0\">\r\n        <div class=\"st-text-center style-6\">\r\n            <h2 class=\"text-center style-6\"><\/h2>\r\n            <div class=\"text-center style-6-content\">Dopo aver visto i monumenti pi\u00f9 famosi di Roma, esplora i vicoli del centro storico proprio intorno al nostro hotel: la maggior parte dei turisti non sa nemmeno che esistono.<\/div>\r\n        <\/div>\r\n    <\/div>\r\n[\/vc_column][vc_column width=&#8221;1\/4&#8243;][vc_single_image image=&#8221;9256&#8243; img_size=&#8221;large&#8221; alignment=&#8221;center&#8221; onclick=&#8221;custom_link&#8221; css=&#8221;.vc_custom_1612946867630{margin-bottom: 30px !important;}&#8221; link=&#8221;https:\/\/montecenci.com\/things-to-do-in-rome\/rome-mini-cooper-tour\/&#8221;]    <div class=\"content-text padding-0\">\r\n        <div class=\"st-text-center style-9\">\r\n            <h2 class=\"text-center style-9\">Tour di Roma in Mini Cooper<\/h2>\r\n            <div class=\"text-center style-9-content\"><\/div>\r\n        <\/div>\r\n    <\/div>\r\n\r\n[vc_empty_space height=&#8221;40px&#8221;]    <div class=\"content-text padding-0\">\r\n        <div class=\"st-text-center style-6\">\r\n            <h2 class=\"text-center style-6\"><\/h2>\r\n            <div class=\"text-center style-6-content\">Lasciati guidare attraverso il patrimonio storico della nostra bellissima citt\u00e0 in una Mini Cooper!<\/div>\r\n        <\/div>\r\n    <\/div>\r\n[\/vc_column][\/vc_row][vc_row][vc_column][vc_empty_space height=&#8221;140px&#8221;][\/vc_column][\/vc_row]<\/p>\n","protected":false},"excerpt":{"rendered":"<p>[vc_row][vc_column width=&#8221;1\/6&#8243;][\/vc_column][vc_column width=&#8221;2\/3&#8243;][vc_column_text] Migliori cose da fare a Roma! [\/vc_column_text][\/vc_column][vc_column width=&#8221;1\/6&#8243;][\/vc_column][\/vc_row][vc_row][vc_column][vc_empty_space height=&#8221;80px&#8221;][\/vc_column][\/vc_row][vc_row content_placement=&#8221;middle&#8221; css=&#8221;.vc_custom_1612864883623{margin-bottom: 80px !important;}&#8221;][vc_column width=&#8221;1\/6&#8243; css=&#8221;.vc_custom_1553050481177{padding-left: 30px !important;}&#8221;][\/vc_column][vc_column width=&#8221;2\/3&#8243;][\/vc_column][vc_column width=&#8221;1\/6&#8243;][\/vc_column][\/vc_row][vc_row][vc_column width=&#8221;1\/4&#8243;][vc_single_image image=&#8221;9246&#8243; img_size=&#8221;large&#8221; alignment=&#8221;center&#8221; onclick=&#8221;custom_link&#8221; css=&#8221;.vc_custom_1612946806608{margin-bottom: 30px !important;}&#8221; link=&#8221;https:\/\/montecenci.com\/things-to-do-in-rome\/colosseum-roman-forum\/&#8221;][vc_empty_space height=&#8221;40px&#8221;][\/vc_column][vc_column width=&#8221;1\/4&#8243;][vc_single_image image=&#8221;9252&#8243; img_size=&#8221;large&#8221; alignment=&#8221;center&#8221; onclick=&#8221;custom_link&#8221; css=&#8221;.vc_custom_1612947622114{margin-bottom: 30px !important;}&#8221; link=&#8221;https:\/\/montecenci.com\/things-to-do-in-rome\/vatican-st-peter-basilica\/&#8221;][vc_empty_space height=&#8221;40px&#8221;][\/vc_column][vc_column width=&#8221;1\/4&#8243;][vc_single_image image=&#8221;9254&#8243; img_size=&#8221;large&#8221; alignment=&#8221;center&#8221; onclick=&#8221;custom_link&#8221; css=&#8221;.vc_custom_1612947629539{margin-bottom: 30px !important;}&#8221; link=&#8221;https:\/\/montecenci.com\/things-to-do-in-rome\/jewish-ghetto-trastevere\/&#8221;][\/vc_column][vc_column width=&#8221;1\/4&#8243;][vc_single_image image=&#8221;9256&#8243; img_size=&#8221;large&#8221; alignment=&#8221;center&#8221; [&hellip;]<\/p>\n","protected":false},"author":3,"featured_media":9245,"parent":0,"menu_order":0,"comment_status":"closed","ping_status":"closed","template":"template-single-hotel-modern.php","meta":{"_acf_changed":false,"footnotes":""},"class_list":["post-9625","page","type-page","status-publish","has-post-thumbnail","hentry"],"acf":[],"yoast_head":"<!-- This site is optimized with the Yoast SEO plugin v27.3 - https:\/\/yoast.com\/product\/yoast-seo-wordpress\/ -->\n<title>Cose da fare a Roma - Boutique Hotel Monte Cenci<\/title>\n<meta name=\"robots\" content=\"index, follow, max-snippet:-1, max-image-preview:large, max-video-preview:-1\" \/>\n<link rel=\"canonical\" href=\"https:\/\/montecenci.com\/it\/cose-da-fare-a-roma\/\" \/>\n<meta property=\"og:locale\" content=\"it_IT\" \/>\n<meta property=\"og:type\" content=\"article\" \/>\n<meta property=\"og:title\" content=\"Cose da fare a Roma - Boutique Hotel Monte Cenci\" \/>\n<meta property=\"og:description\" content=\"[vc_row][vc_column width=&#8221;1\/6&#8243;][\/vc_column][vc_column width=&#8221;2\/3&#8243;][vc_column_text] Migliori cose da fare a Roma! [\/vc_column_text][\/vc_column][vc_column width=&#8221;1\/6&#8243;][\/vc_column][\/vc_row][vc_row][vc_column][vc_empty_space height=&#8221;80px&#8221;][\/vc_column][\/vc_row][vc_row content_placement=&#8221;middle&#8221; css=&#8221;.vc_custom_1612864883623{margin-bottom: 80px !important;}&#8221;][vc_column width=&#8221;1\/6&#8243; css=&#8221;.vc_custom_1553050481177{padding-left: 30px !important;}&#8221;][\/vc_column][vc_column width=&#8221;2\/3&#8243;][\/vc_column][vc_column width=&#8221;1\/6&#8243;][\/vc_column][\/vc_row][vc_row][vc_column width=&#8221;1\/4&#8243;][vc_single_image image=&#8221;9246&#8243; img_size=&#8221;large&#8221; alignment=&#8221;center&#8221; onclick=&#8221;custom_link&#8221; css=&#8221;.vc_custom_1612946806608{margin-bottom: 30px !important;}&#8221; link=&#8221;https:\/\/montecenci.com\/things-to-do-in-rome\/colosseum-roman-forum\/&#8221;][vc_empty_space height=&#8221;40px&#8221;][\/vc_column][vc_column width=&#8221;1\/4&#8243;][vc_single_image image=&#8221;9252&#8243; img_size=&#8221;large&#8221; alignment=&#8221;center&#8221; onclick=&#8221;custom_link&#8221; css=&#8221;.vc_custom_1612947622114{margin-bottom: 30px !important;}&#8221; link=&#8221;https:\/\/montecenci.com\/things-to-do-in-rome\/vatican-st-peter-basilica\/&#8221;][vc_empty_space height=&#8221;40px&#8221;][\/vc_column][vc_column width=&#8221;1\/4&#8243;][vc_single_image image=&#8221;9254&#8243; img_size=&#8221;large&#8221; alignment=&#8221;center&#8221; onclick=&#8221;custom_link&#8221; css=&#8221;.vc_custom_1612947629539{margin-bottom: 30px !important;}&#8221; link=&#8221;https:\/\/montecenci.com\/things-to-do-in-rome\/jewish-ghetto-trastevere\/&#8221;][\/vc_column][vc_column width=&#8221;1\/4&#8243;][vc_single_image image=&#8221;9256&#8243; img_size=&#8221;large&#8221; alignment=&#8221;center&#8221; [&hellip;]\" \/>\n<meta property=\"og:url\" content=\"https:\/\/montecenci.com\/it\/cose-da-fare-a-roma\/\" \/>\n<meta property=\"og:site_name\" content=\"Boutique Hotel Monte Cenci\" \/>\n<meta property=\"article:modified_time\" content=\"2021-05-04T10:06:25+00:00\" \/>\n<meta property=\"og:image\" content=\"https:\/\/montecenci.com\/wp-content\/uploads\/2021\/02\/montecencihotel-rome-view-piazzavenezia.jpg\" \/>\n\t<meta property=\"og:image:width\" content=\"1920\" \/>\n\t<meta property=\"og:image:height\" content=\"1200\" \/>\n\t<meta property=\"og:image:type\" content=\"image\/jpeg\" \/>\n<meta name=\"twitter:card\" content=\"summary_large_image\" \/>\n<meta name=\"twitter:label1\" content=\"Tempo di lettura stimato\" \/>\n\t<meta name=\"twitter:data1\" content=\"3 minuti\" \/>\n<script type=\"application\/ld+json\" class=\"yoast-schema-graph\">{\"@context\":\"https:\\\/\\\/schema.org\",\"@graph\":[{\"@type\":\"WebPage\",\"@id\":\"https:\\\/\\\/montecenci.com\\\/it\\\/cose-da-fare-a-roma\\\/\",\"url\":\"https:\\\/\\\/montecenci.com\\\/it\\\/cose-da-fare-a-roma\\\/\",\"name\":\"Cose da fare a Roma - Boutique Hotel Monte Cenci\",\"isPartOf\":{\"@id\":\"https:\\\/\\\/montecenci.com\\\/#website\"},\"primaryImageOfPage\":{\"@id\":\"https:\\\/\\\/montecenci.com\\\/it\\\/cose-da-fare-a-roma\\\/#primaryimage\"},\"image\":{\"@id\":\"https:\\\/\\\/montecenci.com\\\/it\\\/cose-da-fare-a-roma\\\/#primaryimage\"},\"thumbnailUrl\":\"https:\\\/\\\/montecenci.com\\\/wp-content\\\/uploads\\\/2021\\\/02\\\/montecencihotel-rome-view-piazzavenezia.jpg\",\"datePublished\":\"2021-02-09T10:10:03+00:00\",\"dateModified\":\"2021-05-04T10:06:25+00:00\",\"breadcrumb\":{\"@id\":\"https:\\\/\\\/montecenci.com\\\/it\\\/cose-da-fare-a-roma\\\/#breadcrumb\"},\"inLanguage\":\"it-IT\",\"potentialAction\":[{\"@type\":\"ReadAction\",\"target\":[\"https:\\\/\\\/montecenci.com\\\/it\\\/cose-da-fare-a-roma\\\/\"]}]},{\"@type\":\"ImageObject\",\"inLanguage\":\"it-IT\",\"@id\":\"https:\\\/\\\/montecenci.com\\\/it\\\/cose-da-fare-a-roma\\\/#primaryimage\",\"url\":\"https:\\\/\\\/montecenci.com\\\/wp-content\\\/uploads\\\/2021\\\/02\\\/montecencihotel-rome-view-piazzavenezia.jpg\",\"contentUrl\":\"https:\\\/\\\/montecenci.com\\\/wp-content\\\/uploads\\\/2021\\\/02\\\/montecencihotel-rome-view-piazzavenezia.jpg\",\"width\":1920,\"height\":1200},{\"@type\":\"BreadcrumbList\",\"@id\":\"https:\\\/\\\/montecenci.com\\\/it\\\/cose-da-fare-a-roma\\\/#breadcrumb\",\"itemListElement\":[{\"@type\":\"ListItem\",\"position\":1,\"name\":\"Home\",\"item\":\"https:\\\/\\\/montecenci.com\\\/it\\\/\"},{\"@type\":\"ListItem\",\"position\":2,\"name\":\"Cose da fare a Roma\"}]},{\"@type\":\"WebSite\",\"@id\":\"https:\\\/\\\/montecenci.com\\\/#website\",\"url\":\"https:\\\/\\\/montecenci.com\\\/\",\"name\":\"Boutique Hotel Monte Cenci\",\"description\":\"\",\"potentialAction\":[{\"@type\":\"SearchAction\",\"target\":{\"@type\":\"EntryPoint\",\"urlTemplate\":\"https:\\\/\\\/montecenci.com\\\/?s={search_term_string}\"},\"query-input\":{\"@type\":\"PropertyValueSpecification\",\"valueRequired\":true,\"valueName\":\"search_term_string\"}}],\"inLanguage\":\"it-IT\"}]}<\/script>\n<!-- \/ Yoast SEO plugin. -->","yoast_head_json":{"title":"Cose da fare a Roma - Boutique Hotel Monte Cenci","robots":{"index":"index","follow":"follow","max-snippet":"max-snippet:-1","max-image-preview":"max-image-preview:large","max-video-preview":"max-video-preview:-1"},"canonical":"https:\/\/montecenci.com\/it\/cose-da-fare-a-roma\/","og_locale":"it_IT","og_type":"article","og_title":"Cose da fare a Roma - Boutique Hotel Monte Cenci","og_description":"[vc_row][vc_column width=&#8221;1\/6&#8243;][\/vc_column][vc_column width=&#8221;2\/3&#8243;][vc_column_text] Migliori cose da fare a Roma! [\/vc_column_text][\/vc_column][vc_column width=&#8221;1\/6&#8243;][\/vc_column][\/vc_row][vc_row][vc_column][vc_empty_space height=&#8221;80px&#8221;][\/vc_column][\/vc_row][vc_row content_placement=&#8221;middle&#8221; css=&#8221;.vc_custom_1612864883623{margin-bottom: 80px !important;}&#8221;][vc_column width=&#8221;1\/6&#8243; css=&#8221;.vc_custom_1553050481177{padding-left: 30px !important;}&#8221;][\/vc_column][vc_column width=&#8221;2\/3&#8243;][\/vc_column][vc_column width=&#8221;1\/6&#8243;][\/vc_column][\/vc_row][vc_row][vc_column width=&#8221;1\/4&#8243;][vc_single_image image=&#8221;9246&#8243; img_size=&#8221;large&#8221; alignment=&#8221;center&#8221; onclick=&#8221;custom_link&#8221; css=&#8221;.vc_custom_1612946806608{margin-bottom: 30px !important;}&#8221; link=&#8221;https:\/\/montecenci.com\/things-to-do-in-rome\/colosseum-roman-forum\/&#8221;][vc_empty_space height=&#8221;40px&#8221;][\/vc_column][vc_column width=&#8221;1\/4&#8243;][vc_single_image image=&#8221;9252&#8243; img_size=&#8221;large&#8221; alignment=&#8221;center&#8221; onclick=&#8221;custom_link&#8221; css=&#8221;.vc_custom_1612947622114{margin-bottom: 30px !important;}&#8221; link=&#8221;https:\/\/montecenci.com\/things-to-do-in-rome\/vatican-st-peter-basilica\/&#8221;][vc_empty_space height=&#8221;40px&#8221;][\/vc_column][vc_column width=&#8221;1\/4&#8243;][vc_single_image image=&#8221;9254&#8243; img_size=&#8221;large&#8221; alignment=&#8221;center&#8221; onclick=&#8221;custom_link&#8221; css=&#8221;.vc_custom_1612947629539{margin-bottom: 30px !important;}&#8221; link=&#8221;https:\/\/montecenci.com\/things-to-do-in-rome\/jewish-ghetto-trastevere\/&#8221;][\/vc_column][vc_column width=&#8221;1\/4&#8243;][vc_single_image image=&#8221;9256&#8243; img_size=&#8221;large&#8221; alignment=&#8221;center&#8221; [&hellip;]","og_url":"https:\/\/montecenci.com\/it\/cose-da-fare-a-roma\/","og_site_name":"Boutique Hotel Monte Cenci","article_modified_time":"2021-05-04T10:06:25+00:00","og_image":[{"width":1920,"height":1200,"url":"https:\/\/montecenci.com\/wp-content\/uploads\/2021\/02\/montecencihotel-rome-view-piazzavenezia.jpg","type":"image\/jpeg"}],"twitter_card":"summary_large_image","twitter_misc":{"Tempo di lettura stimato":"3 minuti"},"schema":{"@context":"https:\/\/schema.org","@graph":[{"@type":"WebPage","@id":"https:\/\/montecenci.com\/it\/cose-da-fare-a-roma\/","url":"https:\/\/montecenci.com\/it\/cose-da-fare-a-roma\/","name":"Cose da fare a Roma - Boutique Hotel Monte Cenci","isPartOf":{"@id":"https:\/\/montecenci.com\/#website"},"primaryImageOfPage":{"@id":"https:\/\/montecenci.com\/it\/cose-da-fare-a-roma\/#primaryimage"},"image":{"@id":"https:\/\/montecenci.com\/it\/cose-da-fare-a-roma\/#primaryimage"},"thumbnailUrl":"https:\/\/montecenci.com\/wp-content\/uploads\/2021\/02\/montecencihotel-rome-view-piazzavenezia.jpg","datePublished":"2021-02-09T10:10:03+00:00","dateModified":"2021-05-04T10:06:25+00:00","breadcrumb":{"@id":"https:\/\/montecenci.com\/it\/cose-da-fare-a-roma\/#breadcrumb"},"inLanguage":"it-IT","potentialAction":[{"@type":"ReadAction","target":["https:\/\/montecenci.com\/it\/cose-da-fare-a-roma\/"]}]},{"@type":"ImageObject","inLanguage":"it-IT","@id":"https:\/\/montecenci.com\/it\/cose-da-fare-a-roma\/#primaryimage","url":"https:\/\/montecenci.com\/wp-content\/uploads\/2021\/02\/montecencihotel-rome-view-piazzavenezia.jpg","contentUrl":"https:\/\/montecenci.com\/wp-content\/uploads\/2021\/02\/montecencihotel-rome-view-piazzavenezia.jpg","width":1920,"height":1200},{"@type":"BreadcrumbList","@id":"https:\/\/montecenci.com\/it\/cose-da-fare-a-roma\/#breadcrumb","itemListElement":[{"@type":"ListItem","position":1,"name":"Home","item":"https:\/\/montecenci.com\/it\/"},{"@type":"ListItem","position":2,"name":"Cose da fare a Roma"}]},{"@type":"WebSite","@id":"https:\/\/montecenci.com\/#website","url":"https:\/\/montecenci.com\/","name":"Boutique Hotel Monte Cenci","description":"","potentialAction":[{"@type":"SearchAction","target":{"@type":"EntryPoint","urlTemplate":"https:\/\/montecenci.com\/?s={search_term_string}"},"query-input":{"@type":"PropertyValueSpecification","valueRequired":true,"valueName":"search_term_string"}}],"inLanguage":"it-IT"}]}},"_links":{"self":[{"href":"https:\/\/montecenci.com\/it\/wp-json\/wp\/v2\/pages\/9625","targetHints":{"allow":["GET"]}}],"collection":[{"href":"https:\/\/montecenci.com\/it\/wp-json\/wp\/v2\/pages"}],"about":[{"href":"https:\/\/montecenci.com\/it\/wp-json\/wp\/v2\/types\/page"}],"author":[{"embeddable":true,"href":"https:\/\/montecenci.com\/it\/wp-json\/wp\/v2\/users\/3"}],"replies":[{"embeddable":true,"href":"https:\/\/montecenci.com\/it\/wp-json\/wp\/v2\/comments?post=9625"}],"version-history":[{"count":0,"href":"https:\/\/montecenci.com\/it\/wp-json\/wp\/v2\/pages\/9625\/revisions"}],"wp:featuredmedia":[{"embeddable":true,"href":"https:\/\/montecenci.com\/it\/wp-json\/wp\/v2\/media\/9245"}],"wp:attachment":[{"href":"https:\/\/montecenci.com\/it\/wp-json\/wp\/v2\/media?parent=9625"}],"curies":[{"name":"wp","href":"https:\/\/api.w.org\/{rel}","templated":true}]}}