{"id":9641,"date":"2021-02-10T10:21:49","date_gmt":"2021-02-10T08:21:49","guid":{"rendered":"https:\/\/montecenci.com\/?page_id=9641"},"modified":"2021-05-04T11:56:29","modified_gmt":"2021-05-04T09:56:29","slug":"colosseum-roman-forum-tour","status":"publish","type":"page","link":"https:\/\/montecenci.com\/it\/cose-da-fare-a-roma\/colosseum-roman-forum-tour\/","title":{"rendered":"Colosseo &#038; Tour del Foro Romano"},"content":{"rendered":"<p>[vc_row][vc_column width=&#8221;1\/6&#8243;][\/vc_column][vc_column width=&#8221;2\/3&#8243;][vc_column_text]<\/p>\n<div class=\"st-service\">\n<p>Esplora le rovine romane: Colosseo &amp; Tour del Foro Romano (salta la fila)<\/p>\n<\/div>\n<p>[\/vc_column_text][\/vc_column][vc_column width=&#8221;1\/6&#8243;][\/vc_column][\/vc_row][vc_row][vc_column][vc_empty_space height=&#8221;80px&#8221;][\/vc_column][\/vc_row][vc_row content_placement=&#8221;middle&#8221; css=&#8221;.vc_custom_1612864883623{margin-bottom: 80px !important;}&#8221;][vc_column width=&#8221;1\/6&#8243; css=&#8221;.vc_custom_1553050481177{padding-left: 30px !important;}&#8221;][\/vc_column][vc_column width=&#8221;2\/3&#8243;]    <div class=\"content-text padding-0 st-default\">\r\n        <div class=\"st-text-center\">\r\n            <h2 class=\"text-center  style-2 \"><\/h2>\r\n            <div class=\"box__separator  hidden-thumb \"><\/div>\r\n            <div class=\"text-center\">Sfrutta l\u2019opportunit\u00e0 di visitare il Colosseo, anche noto come Anfiteatro Flavio. Fino al Medioevo, il pi\u00f9 grande anfiteatro mai costruito era adibito a spettacoli con gli animali, esecuzioni, opere teatrali e combattimenti tra gladiatori.<\/p>\n<p>Camminando per la Via Sacra, circondata dal Foro Romano, scoprirai il centro dell\u2019Antica Roma commerciale e politica. Si trova in una piccola valle tra il Palatino e il Campidoglio, ed \u00e8 composta da frammenti architettonici e scavi qua e l\u00e0.<\/p>\n<p>Questo tour a piedi \u00e8 disponibile tutti i giorni e ricopre l\u2019area archeologica, con inclusi Colosseo e Foro Romano, entrambi con visita all\u2019interno. La guida ti conduce all\u2019interno del pi\u00f9 grande anfiteatro fornendo informazioni sulla sua struttura e trasmettendo il senso di come era la vita ai tempi dell\u2019Antica Roma con spirito ed entusiasmo!<\/p>\n<h3>Tour Privato:<\/h3>\n<p>Una guida professionale ed affidabile ti porta al Colosseo e al Foro Romano per un tour a piedi della durata di tre ore. Durante questo tour, la guida dedicher\u00e0 tutto il tempo a rispondere alle tue domande e alle tue curiosit\u00e0, come se stessi passeggiando per le antichit\u00e0 di Roma con un amico di vecchia data.<\/p>\n<h3>Tour Semiprivato:<\/h3>\n<p>Scopri tutti i principali segreti della Roma archeologica insieme a un gruppo di persone! Durante questo tour la guida sar\u00e0 a tua completa disposizione a qualsiasi tua richiesta di informazioni per una visita di poche ore.<\/p>\n<h3>Tour di Gruppo:<\/h3>\n<p>Immergiti nella storia dell\u2019Antica Roma: a questo tipo di tour (durata: 3 ore) prendono parte da 9 a 30 persone. Risparmierai denaro e allo stesso tempo avrai l\u2019opportunit\u00e0 di immergerti nel profondo dell\u2019Antica Roma!<\/p>\n<p><strong>Lingue Disponibili<\/strong>: inglese, francese, spagnolo, tedesco, russo, cinese, arabo (su richiesta), ebraico (su richiesta).<\/p>\n<p><strong>Include<\/strong>: pick-up dall\u2019hotel, il trasporto, accesso saltacoda e la guida turistica.<\/div>\r\n        <\/div>\r\n    <\/div>\r\n[\/vc_column][vc_column width=&#8221;1\/6&#8243;][\/vc_column][\/vc_row][vc_row][vc_column width=&#8221;1\/3&#8243;][vc_single_image image=&#8221;9252&#8243; img_size=&#8221;large&#8221; alignment=&#8221;center&#8221; onclick=&#8221;custom_link&#8221; css=&#8221;.vc_custom_1612947622114{margin-bottom: 30px !important;}&#8221; link=&#8221;https:\/\/montecenci.com\/things-to-do-in-rome\/vatican-st-peter-basilica\/&#8221;]    <div class=\"content-text padding-0\">\r\n        <div class=\"st-text-center style-9\">\r\n            <h2 class=\"text-center style-9\">Scopri la Citt\u00e0 del Vaticano<\/h2>\r\n            <div class=\"text-center style-9-content\"><\/div>\r\n        <\/div>\r\n    <\/div>\r\n\r\n[vc_empty_space height=&#8221;40px&#8221;]    <div class=\"content-text padding-0\">\r\n        <div class=\"st-text-center style-6\">\r\n            <h2 class=\"text-center style-6\"><\/h2>\r\n            <div class=\"text-center style-6-content\"><span style=\"font-weight: 400;\">All\u2019interno dei Musei Vaticani, si possono ammirare i migliori dipinti, le migliori sculture e opere d\u2019arte raccolti dai papi nel corso dei secoli.<\/span><\/div>\r\n        <\/div>\r\n    <\/div>\r\n[\/vc_column][vc_column width=&#8221;1\/3&#8243;][vc_single_image image=&#8221;9254&#8243; img_size=&#8221;large&#8221; alignment=&#8221;center&#8221; onclick=&#8221;custom_link&#8221; css=&#8221;.vc_custom_1612947629539{margin-bottom: 30px !important;}&#8221; link=&#8221;https:\/\/montecenci.com\/things-to-do-in-rome\/jewish-ghetto-trastevere\/&#8221;]    <div class=\"content-text padding-0\">\r\n        <div class=\"st-text-center style-9\">\r\n            <h2 class=\"text-center style-9\">Quartiere Ebraico, Trastevere e Isola Tiberina<\/h2>\r\n            <div class=\"text-center style-9-content\"><\/div>\r\n        <\/div>\r\n    <\/div>\r\n\r\n    <div class=\"content-text padding-0\">\r\n        <div class=\"st-text-center style-6\">\r\n            <h2 class=\"text-center style-6\"><\/h2>\r\n            <div class=\"text-center style-6-content\">Dopo aver visto i monumenti pi\u00f9 famosi di Roma, esplora i vicoli del centro storico proprio intorno al nostro hotel: la maggior parte dei turisti non sa nemmeno che esistono.<\/div>\r\n        <\/div>\r\n    <\/div>\r\n[\/vc_column][vc_column width=&#8221;1\/3&#8243;][vc_single_image image=&#8221;9256&#8243; img_size=&#8221;large&#8221; alignment=&#8221;center&#8221; onclick=&#8221;custom_link&#8221; css=&#8221;.vc_custom_1612946867630{margin-bottom: 30px !important;}&#8221; link=&#8221;https:\/\/montecenci.com\/things-to-do-in-rome\/rome-mini-cooper-tour\/&#8221;]    <div class=\"content-text padding-0\">\r\n        <div class=\"st-text-center style-9\">\r\n            <h2 class=\"text-center style-9\">Tour di Roma in Mini Cooper<\/h2>\r\n            <div class=\"text-center style-9-content\"><\/div>\r\n        <\/div>\r\n    <\/div>\r\n\r\n    <div class=\"content-text padding-0\">\r\n        <div class=\"st-text-center style-6\">\r\n            <h2 class=\"text-center style-6\"><\/h2>\r\n            <div class=\"text-center style-6-content\">Lasciati guidare attraverso il patrimonio storico della nostra bellissima citt\u00e0 in una Mini Cooper!<\/div>\r\n        <\/div>\r\n    <\/div>\r\n[\/vc_column][\/vc_row][vc_row][vc_column][vc_empty_space height=&#8221;140px&#8221;][\/vc_column][\/vc_row]<\/p>\n","protected":false},"excerpt":{"rendered":"<p>[vc_row][vc_column width=&#8221;1\/6&#8243;][\/vc_column][vc_column width=&#8221;2\/3&#8243;][vc_column_text] Esplora le rovine romane: Colosseo &amp; Tour del Foro Romano (salta la fila) [\/vc_column_text][\/vc_column][vc_column width=&#8221;1\/6&#8243;][\/vc_column][\/vc_row][vc_row][vc_column][vc_empty_space height=&#8221;80px&#8221;][\/vc_column][\/vc_row][vc_row content_placement=&#8221;middle&#8221; css=&#8221;.vc_custom_1612864883623{margin-bottom: 80px !important;}&#8221;][vc_column width=&#8221;1\/6&#8243; css=&#8221;.vc_custom_1553050481177{padding-left: 30px !important;}&#8221;][\/vc_column][vc_column width=&#8221;2\/3&#8243;][\/vc_column][vc_column width=&#8221;1\/6&#8243;][\/vc_column][\/vc_row][vc_row][vc_column width=&#8221;1\/3&#8243;][vc_single_image image=&#8221;9252&#8243; img_size=&#8221;large&#8221; alignment=&#8221;center&#8221; onclick=&#8221;custom_link&#8221; css=&#8221;.vc_custom_1612947622114{margin-bottom: 30px !important;}&#8221; link=&#8221;https:\/\/montecenci.com\/things-to-do-in-rome\/vatican-st-peter-basilica\/&#8221;][vc_empty_space height=&#8221;40px&#8221;][\/vc_column][vc_column width=&#8221;1\/3&#8243;][vc_single_image image=&#8221;9254&#8243; img_size=&#8221;large&#8221; alignment=&#8221;center&#8221; onclick=&#8221;custom_link&#8221; css=&#8221;.vc_custom_1612947629539{margin-bottom: 30px !important;}&#8221; link=&#8221;https:\/\/montecenci.com\/things-to-do-in-rome\/jewish-ghetto-trastevere\/&#8221;][\/vc_column][vc_column width=&#8221;1\/3&#8243;][vc_single_image image=&#8221;9256&#8243; img_size=&#8221;large&#8221; alignment=&#8221;center&#8221; onclick=&#8221;custom_link&#8221; css=&#8221;.vc_custom_1612946867630{margin-bottom: 30px [&hellip;]<\/p>\n","protected":false},"author":3,"featured_media":9394,"parent":9625,"menu_order":0,"comment_status":"closed","ping_status":"closed","template":"template-single-hotel-modern.php","meta":{"_acf_changed":false,"footnotes":""},"class_list":["post-9641","page","type-page","status-publish","has-post-thumbnail","hentry"],"acf":[],"yoast_head":"<!-- This site is optimized with the Yoast SEO plugin v27.3 - https:\/\/yoast.com\/product\/yoast-seo-wordpress\/ -->\n<title>Colosseo &amp; Tour del Foro Romano - Boutique Hotel Monte Cenci<\/title>\n<meta name=\"robots\" content=\"index, follow, max-snippet:-1, max-image-preview:large, max-video-preview:-1\" \/>\n<link rel=\"canonical\" href=\"https:\/\/montecenci.com\/it\/cose-da-fare-a-roma\/colosseum-roman-forum-tour\/\" \/>\n<meta property=\"og:locale\" content=\"it_IT\" \/>\n<meta property=\"og:type\" content=\"article\" \/>\n<meta property=\"og:title\" content=\"Colosseo &amp; Tour del Foro Romano - Boutique Hotel Monte Cenci\" \/>\n<meta property=\"og:description\" content=\"[vc_row][vc_column width=&#8221;1\/6&#8243;][\/vc_column][vc_column width=&#8221;2\/3&#8243;][vc_column_text] Esplora le rovine romane: Colosseo &amp; Tour del Foro Romano (salta la fila) [\/vc_column_text][\/vc_column][vc_column width=&#8221;1\/6&#8243;][\/vc_column][\/vc_row][vc_row][vc_column][vc_empty_space height=&#8221;80px&#8221;][\/vc_column][\/vc_row][vc_row content_placement=&#8221;middle&#8221; css=&#8221;.vc_custom_1612864883623{margin-bottom: 80px !important;}&#8221;][vc_column width=&#8221;1\/6&#8243; css=&#8221;.vc_custom_1553050481177{padding-left: 30px !important;}&#8221;][\/vc_column][vc_column width=&#8221;2\/3&#8243;][\/vc_column][vc_column width=&#8221;1\/6&#8243;][\/vc_column][\/vc_row][vc_row][vc_column width=&#8221;1\/3&#8243;][vc_single_image image=&#8221;9252&#8243; img_size=&#8221;large&#8221; alignment=&#8221;center&#8221; onclick=&#8221;custom_link&#8221; css=&#8221;.vc_custom_1612947622114{margin-bottom: 30px !important;}&#8221; link=&#8221;https:\/\/montecenci.com\/things-to-do-in-rome\/vatican-st-peter-basilica\/&#8221;][vc_empty_space height=&#8221;40px&#8221;][\/vc_column][vc_column width=&#8221;1\/3&#8243;][vc_single_image image=&#8221;9254&#8243; img_size=&#8221;large&#8221; alignment=&#8221;center&#8221; onclick=&#8221;custom_link&#8221; css=&#8221;.vc_custom_1612947629539{margin-bottom: 30px !important;}&#8221; link=&#8221;https:\/\/montecenci.com\/things-to-do-in-rome\/jewish-ghetto-trastevere\/&#8221;][\/vc_column][vc_column width=&#8221;1\/3&#8243;][vc_single_image image=&#8221;9256&#8243; img_size=&#8221;large&#8221; alignment=&#8221;center&#8221; onclick=&#8221;custom_link&#8221; css=&#8221;.vc_custom_1612946867630{margin-bottom: 30px [&hellip;]\" \/>\n<meta property=\"og:url\" content=\"https:\/\/montecenci.com\/it\/cose-da-fare-a-roma\/colosseum-roman-forum-tour\/\" \/>\n<meta property=\"og:site_name\" content=\"Boutique Hotel Monte Cenci\" \/>\n<meta property=\"article:modified_time\" content=\"2021-05-04T09:56:29+00:00\" \/>\n<meta property=\"og:image\" content=\"https:\/\/montecenci.com\/wp-content\/uploads\/2021\/02\/Colosseum-Roman-Forum.jpg\" \/>\n\t<meta property=\"og:image:width\" content=\"2560\" \/>\n\t<meta property=\"og:image:height\" content=\"800\" \/>\n\t<meta property=\"og:image:type\" content=\"image\/jpeg\" \/>\n<meta name=\"twitter:card\" content=\"summary_large_image\" \/>\n<meta name=\"twitter:label1\" content=\"Tempo di lettura stimato\" \/>\n\t<meta name=\"twitter:data1\" content=\"3 minuti\" \/>\n<script type=\"application\/ld+json\" class=\"yoast-schema-graph\">{\"@context\":\"https:\\\/\\\/schema.org\",\"@graph\":[{\"@type\":\"WebPage\",\"@id\":\"https:\\\/\\\/montecenci.com\\\/it\\\/cose-da-fare-a-roma\\\/colosseum-roman-forum-tour\\\/\",\"url\":\"https:\\\/\\\/montecenci.com\\\/it\\\/cose-da-fare-a-roma\\\/colosseum-roman-forum-tour\\\/\",\"name\":\"Colosseo & Tour del Foro Romano - Boutique Hotel Monte Cenci\",\"isPartOf\":{\"@id\":\"https:\\\/\\\/montecenci.com\\\/#website\"},\"primaryImageOfPage\":{\"@id\":\"https:\\\/\\\/montecenci.com\\\/it\\\/cose-da-fare-a-roma\\\/colosseum-roman-forum-tour\\\/#primaryimage\"},\"image\":{\"@id\":\"https:\\\/\\\/montecenci.com\\\/it\\\/cose-da-fare-a-roma\\\/colosseum-roman-forum-tour\\\/#primaryimage\"},\"thumbnailUrl\":\"https:\\\/\\\/montecenci.com\\\/wp-content\\\/uploads\\\/2021\\\/02\\\/Colosseum-Roman-Forum.jpg\",\"datePublished\":\"2021-02-10T08:21:49+00:00\",\"dateModified\":\"2021-05-04T09:56:29+00:00\",\"breadcrumb\":{\"@id\":\"https:\\\/\\\/montecenci.com\\\/it\\\/cose-da-fare-a-roma\\\/colosseum-roman-forum-tour\\\/#breadcrumb\"},\"inLanguage\":\"it-IT\",\"potentialAction\":[{\"@type\":\"ReadAction\",\"target\":[\"https:\\\/\\\/montecenci.com\\\/it\\\/cose-da-fare-a-roma\\\/colosseum-roman-forum-tour\\\/\"]}]},{\"@type\":\"ImageObject\",\"inLanguage\":\"it-IT\",\"@id\":\"https:\\\/\\\/montecenci.com\\\/it\\\/cose-da-fare-a-roma\\\/colosseum-roman-forum-tour\\\/#primaryimage\",\"url\":\"https:\\\/\\\/montecenci.com\\\/wp-content\\\/uploads\\\/2021\\\/02\\\/Colosseum-Roman-Forum.jpg\",\"contentUrl\":\"https:\\\/\\\/montecenci.com\\\/wp-content\\\/uploads\\\/2021\\\/02\\\/Colosseum-Roman-Forum.jpg\",\"width\":2560,\"height\":800},{\"@type\":\"BreadcrumbList\",\"@id\":\"https:\\\/\\\/montecenci.com\\\/it\\\/cose-da-fare-a-roma\\\/colosseum-roman-forum-tour\\\/#breadcrumb\",\"itemListElement\":[{\"@type\":\"ListItem\",\"position\":1,\"name\":\"Home\",\"item\":\"https:\\\/\\\/montecenci.com\\\/it\\\/\"},{\"@type\":\"ListItem\",\"position\":2,\"name\":\"Cose da fare a Roma\",\"item\":\"https:\\\/\\\/montecenci.com\\\/it\\\/cose-da-fare-a-roma\\\/\"},{\"@type\":\"ListItem\",\"position\":3,\"name\":\"Colosseo &#038; Tour del Foro Romano\"}]},{\"@type\":\"WebSite\",\"@id\":\"https:\\\/\\\/montecenci.com\\\/#website\",\"url\":\"https:\\\/\\\/montecenci.com\\\/\",\"name\":\"Boutique Hotel Monte Cenci\",\"description\":\"\",\"potentialAction\":[{\"@type\":\"SearchAction\",\"target\":{\"@type\":\"EntryPoint\",\"urlTemplate\":\"https:\\\/\\\/montecenci.com\\\/?s={search_term_string}\"},\"query-input\":{\"@type\":\"PropertyValueSpecification\",\"valueRequired\":true,\"valueName\":\"search_term_string\"}}],\"inLanguage\":\"it-IT\"}]}<\/script>\n<!-- \/ Yoast SEO plugin. -->","yoast_head_json":{"title":"Colosseo & Tour del Foro Romano - Boutique Hotel Monte Cenci","robots":{"index":"index","follow":"follow","max-snippet":"max-snippet:-1","max-image-preview":"max-image-preview:large","max-video-preview":"max-video-preview:-1"},"canonical":"https:\/\/montecenci.com\/it\/cose-da-fare-a-roma\/colosseum-roman-forum-tour\/","og_locale":"it_IT","og_type":"article","og_title":"Colosseo & Tour del Foro Romano - Boutique Hotel Monte Cenci","og_description":"[vc_row][vc_column width=&#8221;1\/6&#8243;][\/vc_column][vc_column width=&#8221;2\/3&#8243;][vc_column_text] Esplora le rovine romane: Colosseo &amp; Tour del Foro Romano (salta la fila) [\/vc_column_text][\/vc_column][vc_column width=&#8221;1\/6&#8243;][\/vc_column][\/vc_row][vc_row][vc_column][vc_empty_space height=&#8221;80px&#8221;][\/vc_column][\/vc_row][vc_row content_placement=&#8221;middle&#8221; css=&#8221;.vc_custom_1612864883623{margin-bottom: 80px !important;}&#8221;][vc_column width=&#8221;1\/6&#8243; css=&#8221;.vc_custom_1553050481177{padding-left: 30px !important;}&#8221;][\/vc_column][vc_column width=&#8221;2\/3&#8243;][\/vc_column][vc_column width=&#8221;1\/6&#8243;][\/vc_column][\/vc_row][vc_row][vc_column width=&#8221;1\/3&#8243;][vc_single_image image=&#8221;9252&#8243; img_size=&#8221;large&#8221; alignment=&#8221;center&#8221; onclick=&#8221;custom_link&#8221; css=&#8221;.vc_custom_1612947622114{margin-bottom: 30px !important;}&#8221; link=&#8221;https:\/\/montecenci.com\/things-to-do-in-rome\/vatican-st-peter-basilica\/&#8221;][vc_empty_space height=&#8221;40px&#8221;][\/vc_column][vc_column width=&#8221;1\/3&#8243;][vc_single_image image=&#8221;9254&#8243; img_size=&#8221;large&#8221; alignment=&#8221;center&#8221; onclick=&#8221;custom_link&#8221; css=&#8221;.vc_custom_1612947629539{margin-bottom: 30px !important;}&#8221; link=&#8221;https:\/\/montecenci.com\/things-to-do-in-rome\/jewish-ghetto-trastevere\/&#8221;][\/vc_column][vc_column width=&#8221;1\/3&#8243;][vc_single_image image=&#8221;9256&#8243; img_size=&#8221;large&#8221; alignment=&#8221;center&#8221; onclick=&#8221;custom_link&#8221; css=&#8221;.vc_custom_1612946867630{margin-bottom: 30px [&hellip;]","og_url":"https:\/\/montecenci.com\/it\/cose-da-fare-a-roma\/colosseum-roman-forum-tour\/","og_site_name":"Boutique Hotel Monte Cenci","article_modified_time":"2021-05-04T09:56:29+00:00","og_image":[{"width":2560,"height":800,"url":"https:\/\/montecenci.com\/wp-content\/uploads\/2021\/02\/Colosseum-Roman-Forum.jpg","type":"image\/jpeg"}],"twitter_card":"summary_large_image","twitter_misc":{"Tempo di lettura stimato":"3 minuti"},"schema":{"@context":"https:\/\/schema.org","@graph":[{"@type":"WebPage","@id":"https:\/\/montecenci.com\/it\/cose-da-fare-a-roma\/colosseum-roman-forum-tour\/","url":"https:\/\/montecenci.com\/it\/cose-da-fare-a-roma\/colosseum-roman-forum-tour\/","name":"Colosseo & Tour del Foro Romano - Boutique Hotel Monte Cenci","isPartOf":{"@id":"https:\/\/montecenci.com\/#website"},"primaryImageOfPage":{"@id":"https:\/\/montecenci.com\/it\/cose-da-fare-a-roma\/colosseum-roman-forum-tour\/#primaryimage"},"image":{"@id":"https:\/\/montecenci.com\/it\/cose-da-fare-a-roma\/colosseum-roman-forum-tour\/#primaryimage"},"thumbnailUrl":"https:\/\/montecenci.com\/wp-content\/uploads\/2021\/02\/Colosseum-Roman-Forum.jpg","datePublished":"2021-02-10T08:21:49+00:00","dateModified":"2021-05-04T09:56:29+00:00","breadcrumb":{"@id":"https:\/\/montecenci.com\/it\/cose-da-fare-a-roma\/colosseum-roman-forum-tour\/#breadcrumb"},"inLanguage":"it-IT","potentialAction":[{"@type":"ReadAction","target":["https:\/\/montecenci.com\/it\/cose-da-fare-a-roma\/colosseum-roman-forum-tour\/"]}]},{"@type":"ImageObject","inLanguage":"it-IT","@id":"https:\/\/montecenci.com\/it\/cose-da-fare-a-roma\/colosseum-roman-forum-tour\/#primaryimage","url":"https:\/\/montecenci.com\/wp-content\/uploads\/2021\/02\/Colosseum-Roman-Forum.jpg","contentUrl":"https:\/\/montecenci.com\/wp-content\/uploads\/2021\/02\/Colosseum-Roman-Forum.jpg","width":2560,"height":800},{"@type":"BreadcrumbList","@id":"https:\/\/montecenci.com\/it\/cose-da-fare-a-roma\/colosseum-roman-forum-tour\/#breadcrumb","itemListElement":[{"@type":"ListItem","position":1,"name":"Home","item":"https:\/\/montecenci.com\/it\/"},{"@type":"ListItem","position":2,"name":"Cose da fare a Roma","item":"https:\/\/montecenci.com\/it\/cose-da-fare-a-roma\/"},{"@type":"ListItem","position":3,"name":"Colosseo &#038; Tour del Foro Romano"}]},{"@type":"WebSite","@id":"https:\/\/montecenci.com\/#website","url":"https:\/\/montecenci.com\/","name":"Boutique Hotel Monte Cenci","description":"","potentialAction":[{"@type":"SearchAction","target":{"@type":"EntryPoint","urlTemplate":"https:\/\/montecenci.com\/?s={search_term_string}"},"query-input":{"@type":"PropertyValueSpecification","valueRequired":true,"valueName":"search_term_string"}}],"inLanguage":"it-IT"}]}},"_links":{"self":[{"href":"https:\/\/montecenci.com\/it\/wp-json\/wp\/v2\/pages\/9641","targetHints":{"allow":["GET"]}}],"collection":[{"href":"https:\/\/montecenci.com\/it\/wp-json\/wp\/v2\/pages"}],"about":[{"href":"https:\/\/montecenci.com\/it\/wp-json\/wp\/v2\/types\/page"}],"author":[{"embeddable":true,"href":"https:\/\/montecenci.com\/it\/wp-json\/wp\/v2\/users\/3"}],"replies":[{"embeddable":true,"href":"https:\/\/montecenci.com\/it\/wp-json\/wp\/v2\/comments?post=9641"}],"version-history":[{"count":0,"href":"https:\/\/montecenci.com\/it\/wp-json\/wp\/v2\/pages\/9641\/revisions"}],"up":[{"embeddable":true,"href":"https:\/\/montecenci.com\/it\/wp-json\/wp\/v2\/pages\/9625"}],"wp:featuredmedia":[{"embeddable":true,"href":"https:\/\/montecenci.com\/it\/wp-json\/wp\/v2\/media\/9394"}],"wp:attachment":[{"href":"https:\/\/montecenci.com\/it\/wp-json\/wp\/v2\/media?parent=9641"}],"curies":[{"name":"wp","href":"https:\/\/api.w.org\/{rel}","templated":true}]}}