{"id":9643,"date":"2021-02-09T09:16:08","date_gmt":"2021-02-09T07:16:08","guid":{"rendered":"https:\/\/montecenci.com\/?page_id=9643"},"modified":"2023-11-12T20:18:36","modified_gmt":"2023-11-12T18:18:36","slug":"where-to-stay-in-rome","status":"publish","type":"page","link":"https:\/\/montecenci.com\/it\/where-to-stay-in-rome\/","title":{"rendered":"Dove alloggiare a Roma?"},"content":{"rendered":"<p>[vc_row][vc_column width=&#8221;1\/6&#8243;][\/vc_column][vc_column width=&#8221;2\/3&#8243;][vc_column_text]<\/p>\n<div class=\"st-service\">\n<p>Nel cuore di Roma,<br \/>\ntutto intorno a te \u00e8 arte e storia<\/p>\n<\/div>\n<p>[\/vc_column_text][\/vc_column][vc_column width=&#8221;1\/6&#8243;][\/vc_column][\/vc_row][vc_row][vc_column][vc_empty_space height=&#8221;80px&#8221;][\/vc_column][\/vc_row][vc_row content_placement=&#8221;middle&#8221;][vc_column width=&#8221;1\/2&#8243; css=&#8221;.vc_custom_1553050491441{padding-right: 30px !important;}&#8221;][vc_gmaps link=&#8221;#E-8_JTNDaWZyYW1lJTIwc3JjJTNEJTIyaHR0cHMlM0ElMkYlMkZ3d3cuZ29vZ2xlLmNvbSUyRm1hcHMlMkZkJTJGZW1iZWQlM0ZtaWQlM0QxVjRYN09lRjV6ZHZHaHhaNzdjZGZ2OTlsZmVwUHA4NCUyNmVoYmMlM0QyRTMxMkYlMjZub3Byb2YlM0QxJTIyJTIwd2lkdGglM0QlMjI2NDAlMjIlMjBoZWlnaHQlM0QlMjI2ODAlMjIlM0UlM0MlMkZpZnJhbWUlM0U=&#8221;][\/vc_column][vc_column width=&#8221;1\/2&#8243; css=&#8221;.vc_custom_1553050481177{padding-left: 30px !important;}&#8221;]    <div class=\"content-text padding-0 st-default\">\r\n        <div class=\"st-text-center\">\r\n            <h2 class=\"st_default  style-2 \">Dove siamo<\/h2>\r\n            <div class=\"box__separator  hidden-thumb \"><\/div>\r\n            <div class=\"st_default\">Lasciati sorprendere dalla nostra impareggiabile posizione a Roma!<\/p>\n<p>Il boutique hotel si trova in uno dei quartieri pi\u00f9 tranquilli del centro cittadino: il pittoresco Rione Regola.<br \/>\nMa non fatevi ingannare dalla sua tranquillit\u00e0, poich\u00e9 siamo vicini a tutto il meglio che Roma ha da offrire!<\/p>\n<p>Quindi, indipendentemente dalla direzione che hai scelto, sarai a pochi passi da tutte le imperdibili attrazioni di Roma: il fiorente Campo de &#8216;Fiori, l&#8217;antico Ghetto Ebraico, l&#8217;Area Sacra di Largo Argentina, l&#8217;antico Pantheon e le splendide fontane di Piazza Navona.<\/p>\n<p>Una volta attraversata Piazza Venezia, puoi facilmente iniziare ad esplorare l&#8217;Area Archeologica, inclusi il Colosseo, il Foro Romano e il Palatino.<\/p>\n<p>Inoltre, siamo vicini ai pi\u00f9 importanti siti sociali e culturali da non perdere a Roma: negozi di lusso, teatri, cinema e i pi\u00f9 esclusivi ristoranti, enoteche e locali della citt\u00e0.<\/p>\n<p><strong><a href=\"http:\/\/www.montecenci.com\/map\/\">Ottima posizione &#8211; mostra mappa<\/a><\/strong><\/p>\n<p>&nbsp;<\/p>\n<p><strong>Latitude: 41.89239520170154 \u2013 Longitude 12.475941181182861<\/strong><\/div>\r\n        <\/div>\r\n    <\/div>\r\n[\/vc_column][\/vc_row][vc_row][vc_column][vc_empty_space height=&#8221;140px&#8221;][\/vc_column][\/vc_row][vc_row][vc_column]    <div class=\"content-text padding-0 st-default\">\r\n        <div class=\"st-text-center\">\r\n            <h2 class=\"text-center   \">Punti di riferimento pi\u00f9 popolari<\/h2>\r\n            <div class=\"box__separator  hidden-thumb \"><\/div>\r\n            <div class=\"text-center\"><\/div>\r\n        <\/div>\r\n    <\/div>\r\n[\/vc_column][\/vc_row][vc_row][vc_column width=&#8221;1\/3&#8243; el_class=&#8221;content-text&#8221;][vc_column_text el_class=&#8221;st_default&#8221;]<\/p>\n<p style=\"text-align: center; color: #1a2b48;\">Stazione Roma Termini<br \/>\n<small style=\"color: #5e6d77;\">4,0 km \u2013 15\/20 min<\/small><\/p>\n<p style=\"text-align: center; color: #1a2b48;\">Aeroporto FCO L. da Vinci<br \/>\n<small style=\"color: #5e6d77;\">30,0 km \u2013 30\/45 min<\/small><\/p>\n<p style=\"text-align: center; color: #1a2b48;\">Aeroporto CIA Ciampino<br \/>\n<small style=\"color: #5e6d77;\">18,0 km \u2013 30\/45 min<\/small><\/p>\n<p>[\/vc_column_text][\/vc_column][vc_column width=&#8221;1\/3&#8243; el_class=&#8221;content-text&#8221;][vc_column_text el_class=&#8221;st_default&#8221;]<\/p>\n<p style=\"text-align: center; color: #1a2b48;\">Campo de Fiori<br \/>\n<small style=\"color: #5e6d77;\">0,6 km \u2013 8 min<\/small><\/p>\n<p style=\"text-align: center; color: #1a2b48;\">Piazza Venezia<br \/>\n<small style=\"color: #5e6d77;\">0,9 km \u2013 12 min<\/small><\/p>\n<p style=\"text-align: center; color: #1a2b48;\">Pantheon<br \/>\n<small style=\"color: #5e6d77;\">0,9 km \u2013 12 min<\/small><\/p>\n<p style=\"text-align: center; color: #1a2b48;\">Trastevere<br \/>\n<small style=\"color: #5e6d77;\">0,9 km \u2013 12 min<\/small><\/p>\n<p style=\"text-align: center; color: #1a2b48;\">Piazza Navona<br \/>\n<small style=\"color: #5e6d77;\">1,1 km \u2013 14 min<\/small><\/p>\n<p style=\"text-align: center; color: #1a2b48;\">Fontana di Trevi<br \/>\n<small style=\"color: #5e6d77;\">1,5 km \u2013 19 min<\/small><\/p>\n<p>[\/vc_column_text][\/vc_column][vc_column width=&#8221;1\/3&#8243; el_class=&#8221;content-text&#8221;][vc_column_text el_class=&#8221;st_default&#8221;]<\/p>\n<p style=\"text-align: center; color: #1a2b48;\">Castel S. Angelo<br \/>\n<small style=\"color: #5e6d77;\">1,6 km \u2013 21 min<\/small><\/p>\n<p style=\"text-align: center; color: #1a2b48;\">Colosseo<br \/>\n<small style=\"color: #5e6d77;\">1,8 km \u2013 23 min<\/small><\/p>\n<p style=\"text-align: center; color: #1a2b48;\">Citt\u00e0 del Vaticano<br \/>\n<small style=\"color: #5e6d77;\">1,8 km \u2013 23 min<\/small><\/p>\n<p style=\"text-align: center; color: #1a2b48;\">Piazza di Spagna<br \/>\n<small style=\"color: #5e6d77;\">2,2 km \u2013 25 min<\/small><\/p>\n<p style=\"text-align: center; color: #1a2b48;\">Villa Borghese<br \/>\n<small style=\"color: #5e6d77;\">2,5 km \u2013 32 min<\/small><\/p>\n<p style=\"text-align: center; color: #1a2b48;\">Musei Vaticani<br \/>\n<small style=\"color: #5e6d77;\">2,9 km \u2013 37 min<\/small><\/p>\n<p>[\/vc_column_text][\/vc_column][\/vc_row][vc_row][vc_column][vc_empty_space height=&#8221;140px&#8221;][\/vc_column][\/vc_row][vc_row][vc_column]    <div class=\"content-text padding-0 st-default\">\r\n        <div class=\"st-text-center\">\r\n            <h2 class=\"text-center   \">Indicazioni per il Boutique Hotel Monte Cenci<\/h2>\r\n            <div class=\"box__separator  hidden-thumb \"><\/div>\r\n            <div class=\"text-center\"><\/div>\r\n        <\/div>\r\n    <\/div>\r\n[\/vc_column][\/vc_row][vc_row el_id=&#8221;directions&#8221;][vc_column width=&#8221;1\/6&#8243; el_class=&#8221;content-text&#8221;][\/vc_column][vc_column width=&#8221;2\/3&#8243; el_class=&#8221;content-text&#8221;][vc_column_text el_class=&#8221;st_default&#8221;]Il principale aeroporto di Roma, Leonardo Da Vinci &#8211; Fiumicino (voli nazionali, internazionali e intercontinentali) si trova a circa 40\/45 minuti di auto dall&#8217;Hotel Monte Cenci.<\/p>\n<h3>In taxi o Servizio Limousine<\/h3>\n<p>Il nostro <a href=\"http:\/\/www.montecenci.com\/concierge\/\">Concierge<\/a> pu\u00f2 organizzare un servizio di pick-up e drop-off di limousine privata per risparmiare tempo e denaro da e per entrambi gli aeroporti (Fiumicino e Ciampino), offrendoti l&#8217;assistenza di un autista professionista.<\/p>\n<p>Dopo aver scelto la tua camera d&#8217;albergo, sentiti libero di prenotare su <a href=\"http:\/\/www.montecenci.com\/contact-us\/\">contattaci<\/a> o mandaci un mail all&#8217;indirizzo concierge@montecenci.com con i dettagli del volo e l&#8217;orario di arrivo previsto.<\/p>\n<h3>Con il Treno<\/h3>\n<p>Se preferisci un viaggio in treno, il Leonardo Express \u00e8 un servizio ferroviario non-stop di 30 minuti che collega l&#8217;aeroporto Leonardo Da Vinci &#8211; Fiumicino con la Stazione Termini, la stazione principale di Roma.<\/p>\n<p>Il servizio Leonardo Express da Termini parte alle 5:35 e l&#8217;ultimo treno parte alle 22:35. e va dall&#8217;aeroporto di Fiumicino a Termini dalle 6:23 alle 23:23. I treni partono ogni 15 minuti.<\/p>\n<h3>Dalla Stazione Termini al Boutique Hotel<\/h3>\n<p>La Stazione Termini \u00e8 la principale stazione ferroviaria di Roma, collegata anche con le linee metropolitane locali A e B.<br \/>\nIn Piazza dei Cinquecento, di fronte al terminal, gli autobus 40 e 64 ti portano in Largo Argentina, a pochi passi dall&#8217;Hotel Monte Cenci.[\/vc_column_text][\/vc_column][vc_column width=&#8221;1\/6&#8243; el_class=&#8221;content-text&#8221;][\/vc_column][\/vc_row][vc_row][vc_column][vc_empty_space height=&#8221;140px&#8221;][\/vc_column][\/vc_row]<\/p>\n","protected":false},"excerpt":{"rendered":"<p>[vc_row][vc_column width=&#8221;1\/6&#8243;][\/vc_column][vc_column width=&#8221;2\/3&#8243;][vc_column_text] Nel cuore di Roma, tutto intorno a te \u00e8 arte e storia [\/vc_column_text][\/vc_column][vc_column width=&#8221;1\/6&#8243;][\/vc_column][\/vc_row][vc_row][vc_column][vc_empty_space height=&#8221;80px&#8221;][\/vc_column][\/vc_row][vc_row content_placement=&#8221;middle&#8221;][vc_column width=&#8221;1\/2&#8243; css=&#8221;.vc_custom_1553050491441{padding-right: 30px !important;}&#8221;][vc_gmaps link=&#8221;#E-8_JTNDaWZyYW1lJTIwc3JjJTNEJTIyaHR0cHMlM0ElMkYlMkZ3d3cuZ29vZ2xlLmNvbSUyRm1hcHMlMkZkJTJGZW1iZWQlM0ZtaWQlM0QxVjRYN09lRjV6ZHZHaHhaNzdjZGZ2OTlsZmVwUHA4NCUyNmVoYmMlM0QyRTMxMkYlMjZub3Byb2YlM0QxJTIyJTIwd2lkdGglM0QlMjI2NDAlMjIlMjBoZWlnaHQlM0QlMjI2ODAlMjIlM0UlM0MlMkZpZnJhbWUlM0U=&#8221;][\/vc_column][vc_column width=&#8221;1\/2&#8243; css=&#8221;.vc_custom_1553050481177{padding-left: 30px !important;}&#8221;][\/vc_column][\/vc_row][vc_row][vc_column][vc_empty_space height=&#8221;140px&#8221;][\/vc_column][\/vc_row][vc_row][vc_column][\/vc_column][\/vc_row][vc_row][vc_column width=&#8221;1\/3&#8243; el_class=&#8221;content-text&#8221;][vc_column_text el_class=&#8221;st_default&#8221;] Stazione Roma Termini 4,0 km \u2013 15\/20 min Aeroporto FCO L. da Vinci 30,0 km \u2013 30\/45 min Aeroporto CIA Ciampino 18,0 km [&hellip;]<\/p>\n","protected":false},"author":3,"featured_media":9182,"parent":0,"menu_order":0,"comment_status":"closed","ping_status":"closed","template":"template-single-hotel-modern.php","meta":{"_acf_changed":false,"footnotes":""},"class_list":["post-9643","page","type-page","status-publish","has-post-thumbnail","hentry"],"acf":[],"yoast_head":"<!-- This site is optimized with the Yoast SEO plugin v27.3 - https:\/\/yoast.com\/product\/yoast-seo-wordpress\/ -->\n<title>Dove alloggiare a Roma? - Boutique Hotel Monte Cenci<\/title>\n<meta name=\"robots\" content=\"index, follow, max-snippet:-1, max-image-preview:large, max-video-preview:-1\" \/>\n<link rel=\"canonical\" href=\"https:\/\/montecenci.com\/it\/where-to-stay-in-rome\/\" \/>\n<meta property=\"og:locale\" content=\"it_IT\" \/>\n<meta property=\"og:type\" content=\"article\" \/>\n<meta property=\"og:title\" content=\"Dove alloggiare a Roma? - Boutique Hotel Monte Cenci\" \/>\n<meta property=\"og:description\" content=\"[vc_row][vc_column width=&#8221;1\/6&#8243;][\/vc_column][vc_column width=&#8221;2\/3&#8243;][vc_column_text] Nel cuore di Roma, tutto intorno a te \u00e8 arte e storia [\/vc_column_text][\/vc_column][vc_column width=&#8221;1\/6&#8243;][\/vc_column][\/vc_row][vc_row][vc_column][vc_empty_space height=&#8221;80px&#8221;][\/vc_column][\/vc_row][vc_row content_placement=&#8221;middle&#8221;][vc_column width=&#8221;1\/2&#8243; css=&#8221;.vc_custom_1553050491441{padding-right: 30px !important;}&#8221;][vc_gmaps link=&#8221;#E-8_JTNDaWZyYW1lJTIwc3JjJTNEJTIyaHR0cHMlM0ElMkYlMkZ3d3cuZ29vZ2xlLmNvbSUyRm1hcHMlMkZkJTJGZW1iZWQlM0ZtaWQlM0QxVjRYN09lRjV6ZHZHaHhaNzdjZGZ2OTlsZmVwUHA4NCUyNmVoYmMlM0QyRTMxMkYlMjZub3Byb2YlM0QxJTIyJTIwd2lkdGglM0QlMjI2NDAlMjIlMjBoZWlnaHQlM0QlMjI2ODAlMjIlM0UlM0MlMkZpZnJhbWUlM0U=&#8221;][\/vc_column][vc_column width=&#8221;1\/2&#8243; css=&#8221;.vc_custom_1553050481177{padding-left: 30px !important;}&#8221;][\/vc_column][\/vc_row][vc_row][vc_column][vc_empty_space height=&#8221;140px&#8221;][\/vc_column][\/vc_row][vc_row][vc_column][\/vc_column][\/vc_row][vc_row][vc_column width=&#8221;1\/3&#8243; el_class=&#8221;content-text&#8221;][vc_column_text el_class=&#8221;st_default&#8221;] Stazione Roma Termini 4,0 km \u2013 15\/20 min Aeroporto FCO L. da Vinci 30,0 km \u2013 30\/45 min Aeroporto CIA Ciampino 18,0 km [&hellip;]\" \/>\n<meta property=\"og:url\" content=\"https:\/\/montecenci.com\/it\/where-to-stay-in-rome\/\" \/>\n<meta property=\"og:site_name\" content=\"Boutique Hotel Monte Cenci\" \/>\n<meta property=\"article:modified_time\" content=\"2023-11-12T18:18:36+00:00\" \/>\n<meta property=\"og:image\" content=\"https:\/\/montecenci.com\/wp-content\/uploads\/2021\/02\/where-to-stay-in-rome.jpg\" \/>\n\t<meta property=\"og:image:width\" content=\"1981\" \/>\n\t<meta property=\"og:image:height\" content=\"1026\" \/>\n\t<meta property=\"og:image:type\" content=\"image\/jpeg\" \/>\n<meta name=\"twitter:card\" content=\"summary_large_image\" \/>\n<meta name=\"twitter:label1\" content=\"Tempo di lettura stimato\" \/>\n\t<meta name=\"twitter:data1\" content=\"3 minuti\" \/>\n<script type=\"application\/ld+json\" class=\"yoast-schema-graph\">{\"@context\":\"https:\\\/\\\/schema.org\",\"@graph\":[{\"@type\":\"WebPage\",\"@id\":\"https:\\\/\\\/montecenci.com\\\/it\\\/where-to-stay-in-rome\\\/\",\"url\":\"https:\\\/\\\/montecenci.com\\\/it\\\/where-to-stay-in-rome\\\/\",\"name\":\"Dove alloggiare a Roma? - Boutique Hotel Monte Cenci\",\"isPartOf\":{\"@id\":\"https:\\\/\\\/montecenci.com\\\/#website\"},\"primaryImageOfPage\":{\"@id\":\"https:\\\/\\\/montecenci.com\\\/it\\\/where-to-stay-in-rome\\\/#primaryimage\"},\"image\":{\"@id\":\"https:\\\/\\\/montecenci.com\\\/it\\\/where-to-stay-in-rome\\\/#primaryimage\"},\"thumbnailUrl\":\"https:\\\/\\\/montecenci.com\\\/wp-content\\\/uploads\\\/2021\\\/02\\\/where-to-stay-in-rome.jpg\",\"datePublished\":\"2021-02-09T07:16:08+00:00\",\"dateModified\":\"2023-11-12T18:18:36+00:00\",\"breadcrumb\":{\"@id\":\"https:\\\/\\\/montecenci.com\\\/it\\\/where-to-stay-in-rome\\\/#breadcrumb\"},\"inLanguage\":\"it-IT\",\"potentialAction\":[{\"@type\":\"ReadAction\",\"target\":[\"https:\\\/\\\/montecenci.com\\\/it\\\/where-to-stay-in-rome\\\/\"]}]},{\"@type\":\"ImageObject\",\"inLanguage\":\"it-IT\",\"@id\":\"https:\\\/\\\/montecenci.com\\\/it\\\/where-to-stay-in-rome\\\/#primaryimage\",\"url\":\"https:\\\/\\\/montecenci.com\\\/wp-content\\\/uploads\\\/2021\\\/02\\\/where-to-stay-in-rome.jpg\",\"contentUrl\":\"https:\\\/\\\/montecenci.com\\\/wp-content\\\/uploads\\\/2021\\\/02\\\/where-to-stay-in-rome.jpg\",\"width\":1981,\"height\":1026},{\"@type\":\"BreadcrumbList\",\"@id\":\"https:\\\/\\\/montecenci.com\\\/it\\\/where-to-stay-in-rome\\\/#breadcrumb\",\"itemListElement\":[{\"@type\":\"ListItem\",\"position\":1,\"name\":\"Home\",\"item\":\"https:\\\/\\\/montecenci.com\\\/it\\\/\"},{\"@type\":\"ListItem\",\"position\":2,\"name\":\"Dove alloggiare a Roma?\"}]},{\"@type\":\"WebSite\",\"@id\":\"https:\\\/\\\/montecenci.com\\\/#website\",\"url\":\"https:\\\/\\\/montecenci.com\\\/\",\"name\":\"Boutique Hotel Monte Cenci\",\"description\":\"\",\"potentialAction\":[{\"@type\":\"SearchAction\",\"target\":{\"@type\":\"EntryPoint\",\"urlTemplate\":\"https:\\\/\\\/montecenci.com\\\/?s={search_term_string}\"},\"query-input\":{\"@type\":\"PropertyValueSpecification\",\"valueRequired\":true,\"valueName\":\"search_term_string\"}}],\"inLanguage\":\"it-IT\"}]}<\/script>\n<!-- \/ Yoast SEO plugin. -->","yoast_head_json":{"title":"Dove alloggiare a Roma? - Boutique Hotel Monte Cenci","robots":{"index":"index","follow":"follow","max-snippet":"max-snippet:-1","max-image-preview":"max-image-preview:large","max-video-preview":"max-video-preview:-1"},"canonical":"https:\/\/montecenci.com\/it\/where-to-stay-in-rome\/","og_locale":"it_IT","og_type":"article","og_title":"Dove alloggiare a Roma? - Boutique Hotel Monte Cenci","og_description":"[vc_row][vc_column width=&#8221;1\/6&#8243;][\/vc_column][vc_column width=&#8221;2\/3&#8243;][vc_column_text] Nel cuore di Roma, tutto intorno a te \u00e8 arte e storia [\/vc_column_text][\/vc_column][vc_column width=&#8221;1\/6&#8243;][\/vc_column][\/vc_row][vc_row][vc_column][vc_empty_space height=&#8221;80px&#8221;][\/vc_column][\/vc_row][vc_row content_placement=&#8221;middle&#8221;][vc_column width=&#8221;1\/2&#8243; css=&#8221;.vc_custom_1553050491441{padding-right: 30px !important;}&#8221;][vc_gmaps link=&#8221;#E-8_JTNDaWZyYW1lJTIwc3JjJTNEJTIyaHR0cHMlM0ElMkYlMkZ3d3cuZ29vZ2xlLmNvbSUyRm1hcHMlMkZkJTJGZW1iZWQlM0ZtaWQlM0QxVjRYN09lRjV6ZHZHaHhaNzdjZGZ2OTlsZmVwUHA4NCUyNmVoYmMlM0QyRTMxMkYlMjZub3Byb2YlM0QxJTIyJTIwd2lkdGglM0QlMjI2NDAlMjIlMjBoZWlnaHQlM0QlMjI2ODAlMjIlM0UlM0MlMkZpZnJhbWUlM0U=&#8221;][\/vc_column][vc_column width=&#8221;1\/2&#8243; css=&#8221;.vc_custom_1553050481177{padding-left: 30px !important;}&#8221;][\/vc_column][\/vc_row][vc_row][vc_column][vc_empty_space height=&#8221;140px&#8221;][\/vc_column][\/vc_row][vc_row][vc_column][\/vc_column][\/vc_row][vc_row][vc_column width=&#8221;1\/3&#8243; el_class=&#8221;content-text&#8221;][vc_column_text el_class=&#8221;st_default&#8221;] Stazione Roma Termini 4,0 km \u2013 15\/20 min Aeroporto FCO L. da Vinci 30,0 km \u2013 30\/45 min Aeroporto CIA Ciampino 18,0 km [&hellip;]","og_url":"https:\/\/montecenci.com\/it\/where-to-stay-in-rome\/","og_site_name":"Boutique Hotel Monte Cenci","article_modified_time":"2023-11-12T18:18:36+00:00","og_image":[{"width":1981,"height":1026,"url":"https:\/\/montecenci.com\/wp-content\/uploads\/2021\/02\/where-to-stay-in-rome.jpg","type":"image\/jpeg"}],"twitter_card":"summary_large_image","twitter_misc":{"Tempo di lettura stimato":"3 minuti"},"schema":{"@context":"https:\/\/schema.org","@graph":[{"@type":"WebPage","@id":"https:\/\/montecenci.com\/it\/where-to-stay-in-rome\/","url":"https:\/\/montecenci.com\/it\/where-to-stay-in-rome\/","name":"Dove alloggiare a Roma? - Boutique Hotel Monte Cenci","isPartOf":{"@id":"https:\/\/montecenci.com\/#website"},"primaryImageOfPage":{"@id":"https:\/\/montecenci.com\/it\/where-to-stay-in-rome\/#primaryimage"},"image":{"@id":"https:\/\/montecenci.com\/it\/where-to-stay-in-rome\/#primaryimage"},"thumbnailUrl":"https:\/\/montecenci.com\/wp-content\/uploads\/2021\/02\/where-to-stay-in-rome.jpg","datePublished":"2021-02-09T07:16:08+00:00","dateModified":"2023-11-12T18:18:36+00:00","breadcrumb":{"@id":"https:\/\/montecenci.com\/it\/where-to-stay-in-rome\/#breadcrumb"},"inLanguage":"it-IT","potentialAction":[{"@type":"ReadAction","target":["https:\/\/montecenci.com\/it\/where-to-stay-in-rome\/"]}]},{"@type":"ImageObject","inLanguage":"it-IT","@id":"https:\/\/montecenci.com\/it\/where-to-stay-in-rome\/#primaryimage","url":"https:\/\/montecenci.com\/wp-content\/uploads\/2021\/02\/where-to-stay-in-rome.jpg","contentUrl":"https:\/\/montecenci.com\/wp-content\/uploads\/2021\/02\/where-to-stay-in-rome.jpg","width":1981,"height":1026},{"@type":"BreadcrumbList","@id":"https:\/\/montecenci.com\/it\/where-to-stay-in-rome\/#breadcrumb","itemListElement":[{"@type":"ListItem","position":1,"name":"Home","item":"https:\/\/montecenci.com\/it\/"},{"@type":"ListItem","position":2,"name":"Dove alloggiare a Roma?"}]},{"@type":"WebSite","@id":"https:\/\/montecenci.com\/#website","url":"https:\/\/montecenci.com\/","name":"Boutique Hotel Monte Cenci","description":"","potentialAction":[{"@type":"SearchAction","target":{"@type":"EntryPoint","urlTemplate":"https:\/\/montecenci.com\/?s={search_term_string}"},"query-input":{"@type":"PropertyValueSpecification","valueRequired":true,"valueName":"search_term_string"}}],"inLanguage":"it-IT"}]}},"_links":{"self":[{"href":"https:\/\/montecenci.com\/it\/wp-json\/wp\/v2\/pages\/9643","targetHints":{"allow":["GET"]}}],"collection":[{"href":"https:\/\/montecenci.com\/it\/wp-json\/wp\/v2\/pages"}],"about":[{"href":"https:\/\/montecenci.com\/it\/wp-json\/wp\/v2\/types\/page"}],"author":[{"embeddable":true,"href":"https:\/\/montecenci.com\/it\/wp-json\/wp\/v2\/users\/3"}],"replies":[{"embeddable":true,"href":"https:\/\/montecenci.com\/it\/wp-json\/wp\/v2\/comments?post=9643"}],"version-history":[{"count":5,"href":"https:\/\/montecenci.com\/it\/wp-json\/wp\/v2\/pages\/9643\/revisions"}],"predecessor-version":[{"id":9940,"href":"https:\/\/montecenci.com\/it\/wp-json\/wp\/v2\/pages\/9643\/revisions\/9940"}],"wp:featuredmedia":[{"embeddable":true,"href":"https:\/\/montecenci.com\/it\/wp-json\/wp\/v2\/media\/9182"}],"wp:attachment":[{"href":"https:\/\/montecenci.com\/it\/wp-json\/wp\/v2\/media?parent=9643"}],"curies":[{"name":"wp","href":"https:\/\/api.w.org\/{rel}","templated":true}]}}