{"id":9644,"date":"2021-02-10T10:27:39","date_gmt":"2021-02-10T08:27:39","guid":{"rendered":"https:\/\/montecenci.com\/?page_id=9644"},"modified":"2021-05-04T12:30:45","modified_gmt":"2021-05-04T10:30:45","slug":"rome-mini-cooper-tour","status":"publish","type":"page","link":"https:\/\/montecenci.com\/it\/cose-da-fare-a-roma\/rome-mini-cooper-tour\/","title":{"rendered":"Tour di Roma in Mini Cooper"},"content":{"rendered":"<p>[vc_row][vc_column width=&#8221;1\/6&#8243;][\/vc_column][vc_column width=&#8221;2\/3&#8243;][vc_column_text]<\/p>\n<div class=\"st-service\">\n<p>Tour privato di Roma<br \/>\ncon Mini Cooper classico<\/p>\n<\/div>\n<p>[\/vc_column_text][\/vc_column][vc_column width=&#8221;1\/6&#8243;][\/vc_column][\/vc_row][vc_row][vc_column][vc_empty_space height=&#8221;80px&#8221;][\/vc_column][\/vc_row][vc_row content_placement=&#8221;middle&#8221;][vc_column width=&#8221;1\/2&#8243; css=&#8221;.vc_custom_1553050491441{padding-right: 30px !important;}&#8221;][vc_single_image image=&#8221;9414&#8243; img_size=&#8221;full&#8221; el_class=&#8221;st-height-570&#8243;][\/vc_column][vc_column width=&#8221;1\/2&#8243; css=&#8221;.vc_custom_1553050481177{padding-left: 30px !important;}&#8221;]    <div class=\"content-text padding-0 st-default\">\r\n        <div class=\"st-text-center\">\r\n            <h2 class=\"st_default  style-2 \">Scopriamo una bellezza e le meraviglie dell\u2019Antica Roma in un modo pi\u00f9 originale e divertente: con un tour in Mini Cooper!<\/h2>\r\n            <div class=\"box__separator  hidden-thumb \"><\/div>\r\n            <div class=\"st_default\">Senti il vento tra i capelli in un\u2019autentica minicar vintage mentre giri intorno ai meravigliosi monumenti della Citt\u00e0 Eterna, all\u2019insegna di un\u2019esperienza indimenticabile. Non solo vedrai le favolose piazze romane e le strade, ma avrai anche il piacere di fare un giro in una minicar vintage con una piacevole guida di Roma!<\/p>\n<p>Scegli il tour adatto a te e prepara la crema solare perch\u00e9 il divertimento comincia!<\/p>\n<h3>PRENOTA QUESTO TOUR:<\/h3>\n<p>Visita Roma con il tuo autista privato che ti accompagna nella Citt\u00e0 Eterna a bordo di un Mini Cooper classico.<\/p>\n<p>La tua guida personale ti porter\u00e0 in molti luoghi famosi di Roma, tra i quali Colosseo, Circo Massimo, la Cattedrale di San Pietro, Piazza di Spagna, via Veneto e Trastevere.<\/p>\n<p><b>Il Tour comprende<\/b>:<\/p>\n<ul>\n<li>Pick-up dall\u2019Hotel e drop-off;<\/li>\n<li>Viaggio in un Mini Cooper vintage completamente restaurato;<\/li>\n<li>Servizio di guida privata\/conducente.<\/li>\n<\/ul>\n<p><\/div>\r\n        <\/div>\r\n    <\/div>\r\n[\/vc_column][\/vc_row][vc_row][vc_column][vc_empty_space height=&#8221;140px&#8221;][\/vc_column][\/vc_row][vc_row content_placement=&#8221;middle&#8221; css=&#8221;.vc_custom_1612864883623{margin-bottom: 80px !important;}&#8221;][vc_column width=&#8221;1\/6&#8243; css=&#8221;.vc_custom_1553050481177{padding-left: 30px !important;}&#8221;][\/vc_column][vc_column width=&#8221;2\/3&#8243;]    <div class=\"content-text padding-0 st-default\">\r\n        <div class=\"st-text-center\">\r\n            <h2 class=\"text-center  style-2 \">Magic Rome Mini Cooper Tour<\/h2>\r\n            <div class=\"box__separator  hidden-thumb \"><\/div>\r\n            <div class=\"text-center\"><\/div>\r\n        <\/div>\r\n    <\/div>\r\n[vc_single_image image=&#8221;9417&#8243; img_size=&#8221;800&#215;600&#8243; alignment=&#8221;center&#8221;][\/vc_column][vc_column width=&#8221;1\/6&#8243;][\/vc_column][\/vc_row][vc_row content_placement=&#8221;middle&#8221; css=&#8221;.vc_custom_1612864883623{margin-bottom: 80px !important;}&#8221;][vc_column width=&#8221;1\/3&#8243; css=&#8221;.vc_custom_1612949289159{padding-left: 30px !important;}&#8221; el_class=&#8221;.center-title&#8221;]    <div class=\"content-text padding-0 st-default\">\r\n        <div class=\"st-text-center\">\r\n            <h2 class=\"st_default  style-2 \">Il meglio dell\u2019Antica Roma<\/h2>\r\n            <div class=\"box__separator  hidden-thumb \"><\/div>\r\n            <div class=\"st_default\">Scopri le pi\u00f9 grandi bellezze della Citt\u00e0 Eterna in un modo pi\u00f9 originale e divertente: con un tour in Mini Cooper, avrai una vista differente di Roma!<\/p>\n<p>Lasciati guidare attraverso il patrimonio storico della nostra bella citt\u00e0 in Mini Cooper!<\/p>\n<ul>\n<li>Punto di ritrovo: Piazza Trilussa (Trastevere);<\/li>\n<li>Via Veneto (Dolce Vita);<\/li>\n<li>Terrazza del Pincio in Villa Borghese;<\/li>\n<li>Trinit\u00e0 dei Monti in Piazza di Spagna;<\/li>\n<li>Le pi\u00f9 famose strade dello shopping nel centro storico;<\/li>\n<li>Pantheon;<\/li>\n<li>Happy hour al Baja Bar sul Lungotevere, con selezione di antipasti italiani.<\/li>\n<\/ul>\n<h4 style=\"text-align: center;\">PREZZI<\/h4>\n<p style=\"text-align: center;\">Una persona: 180 \u20ac<br \/>\nDue persone: 210 \u20ac<br \/>\nTre persone: 280 \u20ac<\/p>\n<p><\/div>\r\n        <\/div>\r\n    <\/div>\r\n[\/vc_column][vc_column width=&#8221;1\/3&#8243;][vc_single_image image=&#8221;9419&#8243; img_size=&#8221;250&#215;328&#8243; alignment=&#8221;center&#8221;][\/vc_column][vc_column width=&#8221;1\/3&#8243; el_class=&#8221;.center-title&#8221;]    <div class=\"content-text padding-0 st-default\">\r\n        <div class=\"st-text-center\">\r\n            <h2 class=\"st_default  style-2 \">Il miglior tour con aperitivo<\/h2>\r\n            <div class=\"box__separator  hidden-thumb \"><\/div>\r\n            <div class=\"st_default\">Vorresti capire cosa si prova ad essere italiani in un tour di 3 ore?<\/p>\n<p>Unisciti a noi in un tour in Mini Cooper con aperitivo: ti mostreremo perch\u00e9 siamo cos\u00ec romantici!<\/p>\n<p>Ammira i monumenti pi\u00f9 splendidi da una Mini Cooper vintage in compagnia del conducente, con una vista mozzafiato della Citt\u00e0 Eterna. Prova la Dolce Vita in stile italiano fermandoti per un aperitivo lungo il tragitto!<\/p>\n<ul>\n<li>Punto di ritrovo: Piazza Trilussa (Trastevere);<\/li>\n<li>Zodiaco \u2013 vista della citt\u00e0;<\/li>\n<li>Momo\u2019 Republic &#8211; aperitivo chic in piscina;<\/li>\n<li>Aperitivo al Baja Bar sul Lungotevere, con selezione di antipasti italiani.<\/li>\n<\/ul>\n<p style=\"text-align: center;\"><strong>PREZZI<\/strong><br \/>\nUna persona: 160 \u20ac<br \/>\nDue persone: 250 \u20ac<br \/>\nTre persone: 319 \u20ac<\/p>\n<p><\/div>\r\n        <\/div>\r\n    <\/div>\r\n[\/vc_column][\/vc_row]<\/p>\n","protected":false},"excerpt":{"rendered":"<p>[vc_row][vc_column width=&#8221;1\/6&#8243;][\/vc_column][vc_column width=&#8221;2\/3&#8243;][vc_column_text] Tour privato di Roma con Mini Cooper classico [\/vc_column_text][\/vc_column][vc_column width=&#8221;1\/6&#8243;][\/vc_column][\/vc_row][vc_row][vc_column][vc_empty_space height=&#8221;80px&#8221;][\/vc_column][\/vc_row][vc_row content_placement=&#8221;middle&#8221;][vc_column width=&#8221;1\/2&#8243; css=&#8221;.vc_custom_1553050491441{padding-right: 30px !important;}&#8221;][vc_single_image image=&#8221;9414&#8243; img_size=&#8221;full&#8221; el_class=&#8221;st-height-570&#8243;][\/vc_column][vc_column width=&#8221;1\/2&#8243; css=&#8221;.vc_custom_1553050481177{padding-left: 30px !important;}&#8221;][\/vc_column][\/vc_row][vc_row][vc_column][vc_empty_space height=&#8221;140px&#8221;][\/vc_column][\/vc_row][vc_row content_placement=&#8221;middle&#8221; css=&#8221;.vc_custom_1612864883623{margin-bottom: 80px !important;}&#8221;][vc_column width=&#8221;1\/6&#8243; css=&#8221;.vc_custom_1553050481177{padding-left: 30px !important;}&#8221;][\/vc_column][vc_column width=&#8221;2\/3&#8243;][vc_single_image image=&#8221;9417&#8243; img_size=&#8221;800&#215;600&#8243; alignment=&#8221;center&#8221;][\/vc_column][vc_column width=&#8221;1\/6&#8243;][\/vc_column][\/vc_row][vc_row content_placement=&#8221;middle&#8221; css=&#8221;.vc_custom_1612864883623{margin-bottom: 80px !important;}&#8221;][vc_column width=&#8221;1\/3&#8243; css=&#8221;.vc_custom_1612949289159{padding-left: 30px !important;}&#8221; el_class=&#8221;.center-title&#8221;][\/vc_column][vc_column width=&#8221;1\/3&#8243;][vc_single_image image=&#8221;9419&#8243; img_size=&#8221;250&#215;328&#8243; alignment=&#8221;center&#8221;][\/vc_column][vc_column width=&#8221;1\/3&#8243; el_class=&#8221;.center-title&#8221;][\/vc_column][\/vc_row]<\/p>\n","protected":false},"author":3,"featured_media":9413,"parent":9625,"menu_order":0,"comment_status":"closed","ping_status":"closed","template":"template-single-hotel-modern.php","meta":{"_acf_changed":false,"footnotes":""},"class_list":["post-9644","page","type-page","status-publish","has-post-thumbnail","hentry"],"acf":[],"yoast_head":"<!-- This site is optimized with the Yoast SEO plugin v27.3 - https:\/\/yoast.com\/product\/yoast-seo-wordpress\/ -->\n<title>Tour di Roma in Mini Cooper - Boutique Hotel Monte Cenci<\/title>\n<meta name=\"robots\" content=\"index, follow, max-snippet:-1, max-image-preview:large, max-video-preview:-1\" \/>\n<link rel=\"canonical\" href=\"https:\/\/montecenci.com\/it\/cose-da-fare-a-roma\/rome-mini-cooper-tour\/\" \/>\n<meta property=\"og:locale\" content=\"it_IT\" \/>\n<meta property=\"og:type\" content=\"article\" \/>\n<meta property=\"og:title\" content=\"Tour di Roma in Mini Cooper - Boutique Hotel Monte Cenci\" \/>\n<meta property=\"og:description\" content=\"[vc_row][vc_column width=&#8221;1\/6&#8243;][\/vc_column][vc_column width=&#8221;2\/3&#8243;][vc_column_text] Tour privato di Roma con Mini Cooper classico [\/vc_column_text][\/vc_column][vc_column width=&#8221;1\/6&#8243;][\/vc_column][\/vc_row][vc_row][vc_column][vc_empty_space height=&#8221;80px&#8221;][\/vc_column][\/vc_row][vc_row content_placement=&#8221;middle&#8221;][vc_column width=&#8221;1\/2&#8243; css=&#8221;.vc_custom_1553050491441{padding-right: 30px !important;}&#8221;][vc_single_image image=&#8221;9414&#8243; img_size=&#8221;full&#8221; el_class=&#8221;st-height-570&#8243;][\/vc_column][vc_column width=&#8221;1\/2&#8243; css=&#8221;.vc_custom_1553050481177{padding-left: 30px !important;}&#8221;][\/vc_column][\/vc_row][vc_row][vc_column][vc_empty_space height=&#8221;140px&#8221;][\/vc_column][\/vc_row][vc_row content_placement=&#8221;middle&#8221; css=&#8221;.vc_custom_1612864883623{margin-bottom: 80px !important;}&#8221;][vc_column width=&#8221;1\/6&#8243; css=&#8221;.vc_custom_1553050481177{padding-left: 30px !important;}&#8221;][\/vc_column][vc_column width=&#8221;2\/3&#8243;][vc_single_image image=&#8221;9417&#8243; img_size=&#8221;800&#215;600&#8243; alignment=&#8221;center&#8221;][\/vc_column][vc_column width=&#8221;1\/6&#8243;][\/vc_column][\/vc_row][vc_row content_placement=&#8221;middle&#8221; css=&#8221;.vc_custom_1612864883623{margin-bottom: 80px !important;}&#8221;][vc_column width=&#8221;1\/3&#8243; css=&#8221;.vc_custom_1612949289159{padding-left: 30px !important;}&#8221; el_class=&#8221;.center-title&#8221;][\/vc_column][vc_column width=&#8221;1\/3&#8243;][vc_single_image image=&#8221;9419&#8243; img_size=&#8221;250&#215;328&#8243; alignment=&#8221;center&#8221;][\/vc_column][vc_column width=&#8221;1\/3&#8243; el_class=&#8221;.center-title&#8221;][\/vc_column][\/vc_row]\" \/>\n<meta property=\"og:url\" content=\"https:\/\/montecenci.com\/it\/cose-da-fare-a-roma\/rome-mini-cooper-tour\/\" \/>\n<meta property=\"og:site_name\" content=\"Boutique Hotel Monte Cenci\" \/>\n<meta property=\"article:modified_time\" content=\"2021-05-04T10:30:45+00:00\" \/>\n<meta property=\"og:image\" content=\"https:\/\/montecenci.com\/wp-content\/uploads\/2021\/02\/minicoopbn.jpg\" \/>\n\t<meta property=\"og:image:width\" content=\"2046\" \/>\n\t<meta property=\"og:image:height\" content=\"1067\" \/>\n\t<meta property=\"og:image:type\" content=\"image\/jpeg\" \/>\n<meta name=\"twitter:card\" content=\"summary_large_image\" \/>\n<meta name=\"twitter:label1\" content=\"Tempo di lettura stimato\" \/>\n\t<meta name=\"twitter:data1\" content=\"3 minuti\" \/>\n<script type=\"application\/ld+json\" class=\"yoast-schema-graph\">{\"@context\":\"https:\\\/\\\/schema.org\",\"@graph\":[{\"@type\":\"WebPage\",\"@id\":\"https:\\\/\\\/montecenci.com\\\/it\\\/cose-da-fare-a-roma\\\/rome-mini-cooper-tour\\\/\",\"url\":\"https:\\\/\\\/montecenci.com\\\/it\\\/cose-da-fare-a-roma\\\/rome-mini-cooper-tour\\\/\",\"name\":\"Tour di Roma in Mini Cooper - Boutique Hotel Monte Cenci\",\"isPartOf\":{\"@id\":\"https:\\\/\\\/montecenci.com\\\/#website\"},\"primaryImageOfPage\":{\"@id\":\"https:\\\/\\\/montecenci.com\\\/it\\\/cose-da-fare-a-roma\\\/rome-mini-cooper-tour\\\/#primaryimage\"},\"image\":{\"@id\":\"https:\\\/\\\/montecenci.com\\\/it\\\/cose-da-fare-a-roma\\\/rome-mini-cooper-tour\\\/#primaryimage\"},\"thumbnailUrl\":\"https:\\\/\\\/montecenci.com\\\/wp-content\\\/uploads\\\/2021\\\/02\\\/minicoopbn.jpg\",\"datePublished\":\"2021-02-10T08:27:39+00:00\",\"dateModified\":\"2021-05-04T10:30:45+00:00\",\"breadcrumb\":{\"@id\":\"https:\\\/\\\/montecenci.com\\\/it\\\/cose-da-fare-a-roma\\\/rome-mini-cooper-tour\\\/#breadcrumb\"},\"inLanguage\":\"it-IT\",\"potentialAction\":[{\"@type\":\"ReadAction\",\"target\":[\"https:\\\/\\\/montecenci.com\\\/it\\\/cose-da-fare-a-roma\\\/rome-mini-cooper-tour\\\/\"]}]},{\"@type\":\"ImageObject\",\"inLanguage\":\"it-IT\",\"@id\":\"https:\\\/\\\/montecenci.com\\\/it\\\/cose-da-fare-a-roma\\\/rome-mini-cooper-tour\\\/#primaryimage\",\"url\":\"https:\\\/\\\/montecenci.com\\\/wp-content\\\/uploads\\\/2021\\\/02\\\/minicoopbn.jpg\",\"contentUrl\":\"https:\\\/\\\/montecenci.com\\\/wp-content\\\/uploads\\\/2021\\\/02\\\/minicoopbn.jpg\",\"width\":2046,\"height\":1067},{\"@type\":\"BreadcrumbList\",\"@id\":\"https:\\\/\\\/montecenci.com\\\/it\\\/cose-da-fare-a-roma\\\/rome-mini-cooper-tour\\\/#breadcrumb\",\"itemListElement\":[{\"@type\":\"ListItem\",\"position\":1,\"name\":\"Home\",\"item\":\"https:\\\/\\\/montecenci.com\\\/it\\\/\"},{\"@type\":\"ListItem\",\"position\":2,\"name\":\"Cose da fare a Roma\",\"item\":\"https:\\\/\\\/montecenci.com\\\/it\\\/cose-da-fare-a-roma\\\/\"},{\"@type\":\"ListItem\",\"position\":3,\"name\":\"Tour di Roma in Mini Cooper\"}]},{\"@type\":\"WebSite\",\"@id\":\"https:\\\/\\\/montecenci.com\\\/#website\",\"url\":\"https:\\\/\\\/montecenci.com\\\/\",\"name\":\"Boutique Hotel Monte Cenci\",\"description\":\"\",\"potentialAction\":[{\"@type\":\"SearchAction\",\"target\":{\"@type\":\"EntryPoint\",\"urlTemplate\":\"https:\\\/\\\/montecenci.com\\\/?s={search_term_string}\"},\"query-input\":{\"@type\":\"PropertyValueSpecification\",\"valueRequired\":true,\"valueName\":\"search_term_string\"}}],\"inLanguage\":\"it-IT\"}]}<\/script>\n<!-- \/ Yoast SEO plugin. -->","yoast_head_json":{"title":"Tour di Roma in Mini Cooper - Boutique Hotel Monte Cenci","robots":{"index":"index","follow":"follow","max-snippet":"max-snippet:-1","max-image-preview":"max-image-preview:large","max-video-preview":"max-video-preview:-1"},"canonical":"https:\/\/montecenci.com\/it\/cose-da-fare-a-roma\/rome-mini-cooper-tour\/","og_locale":"it_IT","og_type":"article","og_title":"Tour di Roma in Mini Cooper - Boutique Hotel Monte Cenci","og_description":"[vc_row][vc_column width=&#8221;1\/6&#8243;][\/vc_column][vc_column width=&#8221;2\/3&#8243;][vc_column_text] Tour privato di Roma con Mini Cooper classico [\/vc_column_text][\/vc_column][vc_column width=&#8221;1\/6&#8243;][\/vc_column][\/vc_row][vc_row][vc_column][vc_empty_space height=&#8221;80px&#8221;][\/vc_column][\/vc_row][vc_row content_placement=&#8221;middle&#8221;][vc_column width=&#8221;1\/2&#8243; css=&#8221;.vc_custom_1553050491441{padding-right: 30px !important;}&#8221;][vc_single_image image=&#8221;9414&#8243; img_size=&#8221;full&#8221; el_class=&#8221;st-height-570&#8243;][\/vc_column][vc_column width=&#8221;1\/2&#8243; css=&#8221;.vc_custom_1553050481177{padding-left: 30px !important;}&#8221;][\/vc_column][\/vc_row][vc_row][vc_column][vc_empty_space height=&#8221;140px&#8221;][\/vc_column][\/vc_row][vc_row content_placement=&#8221;middle&#8221; css=&#8221;.vc_custom_1612864883623{margin-bottom: 80px !important;}&#8221;][vc_column width=&#8221;1\/6&#8243; css=&#8221;.vc_custom_1553050481177{padding-left: 30px !important;}&#8221;][\/vc_column][vc_column width=&#8221;2\/3&#8243;][vc_single_image image=&#8221;9417&#8243; img_size=&#8221;800&#215;600&#8243; alignment=&#8221;center&#8221;][\/vc_column][vc_column width=&#8221;1\/6&#8243;][\/vc_column][\/vc_row][vc_row content_placement=&#8221;middle&#8221; css=&#8221;.vc_custom_1612864883623{margin-bottom: 80px !important;}&#8221;][vc_column width=&#8221;1\/3&#8243; css=&#8221;.vc_custom_1612949289159{padding-left: 30px !important;}&#8221; el_class=&#8221;.center-title&#8221;][\/vc_column][vc_column width=&#8221;1\/3&#8243;][vc_single_image image=&#8221;9419&#8243; img_size=&#8221;250&#215;328&#8243; alignment=&#8221;center&#8221;][\/vc_column][vc_column width=&#8221;1\/3&#8243; el_class=&#8221;.center-title&#8221;][\/vc_column][\/vc_row]","og_url":"https:\/\/montecenci.com\/it\/cose-da-fare-a-roma\/rome-mini-cooper-tour\/","og_site_name":"Boutique Hotel Monte Cenci","article_modified_time":"2021-05-04T10:30:45+00:00","og_image":[{"width":2046,"height":1067,"url":"https:\/\/montecenci.com\/wp-content\/uploads\/2021\/02\/minicoopbn.jpg","type":"image\/jpeg"}],"twitter_card":"summary_large_image","twitter_misc":{"Tempo di lettura stimato":"3 minuti"},"schema":{"@context":"https:\/\/schema.org","@graph":[{"@type":"WebPage","@id":"https:\/\/montecenci.com\/it\/cose-da-fare-a-roma\/rome-mini-cooper-tour\/","url":"https:\/\/montecenci.com\/it\/cose-da-fare-a-roma\/rome-mini-cooper-tour\/","name":"Tour di Roma in Mini Cooper - Boutique Hotel Monte Cenci","isPartOf":{"@id":"https:\/\/montecenci.com\/#website"},"primaryImageOfPage":{"@id":"https:\/\/montecenci.com\/it\/cose-da-fare-a-roma\/rome-mini-cooper-tour\/#primaryimage"},"image":{"@id":"https:\/\/montecenci.com\/it\/cose-da-fare-a-roma\/rome-mini-cooper-tour\/#primaryimage"},"thumbnailUrl":"https:\/\/montecenci.com\/wp-content\/uploads\/2021\/02\/minicoopbn.jpg","datePublished":"2021-02-10T08:27:39+00:00","dateModified":"2021-05-04T10:30:45+00:00","breadcrumb":{"@id":"https:\/\/montecenci.com\/it\/cose-da-fare-a-roma\/rome-mini-cooper-tour\/#breadcrumb"},"inLanguage":"it-IT","potentialAction":[{"@type":"ReadAction","target":["https:\/\/montecenci.com\/it\/cose-da-fare-a-roma\/rome-mini-cooper-tour\/"]}]},{"@type":"ImageObject","inLanguage":"it-IT","@id":"https:\/\/montecenci.com\/it\/cose-da-fare-a-roma\/rome-mini-cooper-tour\/#primaryimage","url":"https:\/\/montecenci.com\/wp-content\/uploads\/2021\/02\/minicoopbn.jpg","contentUrl":"https:\/\/montecenci.com\/wp-content\/uploads\/2021\/02\/minicoopbn.jpg","width":2046,"height":1067},{"@type":"BreadcrumbList","@id":"https:\/\/montecenci.com\/it\/cose-da-fare-a-roma\/rome-mini-cooper-tour\/#breadcrumb","itemListElement":[{"@type":"ListItem","position":1,"name":"Home","item":"https:\/\/montecenci.com\/it\/"},{"@type":"ListItem","position":2,"name":"Cose da fare a Roma","item":"https:\/\/montecenci.com\/it\/cose-da-fare-a-roma\/"},{"@type":"ListItem","position":3,"name":"Tour di Roma in Mini Cooper"}]},{"@type":"WebSite","@id":"https:\/\/montecenci.com\/#website","url":"https:\/\/montecenci.com\/","name":"Boutique Hotel Monte Cenci","description":"","potentialAction":[{"@type":"SearchAction","target":{"@type":"EntryPoint","urlTemplate":"https:\/\/montecenci.com\/?s={search_term_string}"},"query-input":{"@type":"PropertyValueSpecification","valueRequired":true,"valueName":"search_term_string"}}],"inLanguage":"it-IT"}]}},"_links":{"self":[{"href":"https:\/\/montecenci.com\/it\/wp-json\/wp\/v2\/pages\/9644","targetHints":{"allow":["GET"]}}],"collection":[{"href":"https:\/\/montecenci.com\/it\/wp-json\/wp\/v2\/pages"}],"about":[{"href":"https:\/\/montecenci.com\/it\/wp-json\/wp\/v2\/types\/page"}],"author":[{"embeddable":true,"href":"https:\/\/montecenci.com\/it\/wp-json\/wp\/v2\/users\/3"}],"replies":[{"embeddable":true,"href":"https:\/\/montecenci.com\/it\/wp-json\/wp\/v2\/comments?post=9644"}],"version-history":[{"count":0,"href":"https:\/\/montecenci.com\/it\/wp-json\/wp\/v2\/pages\/9644\/revisions"}],"up":[{"embeddable":true,"href":"https:\/\/montecenci.com\/it\/wp-json\/wp\/v2\/pages\/9625"}],"wp:featuredmedia":[{"embeddable":true,"href":"https:\/\/montecenci.com\/it\/wp-json\/wp\/v2\/media\/9413"}],"wp:attachment":[{"href":"https:\/\/montecenci.com\/it\/wp-json\/wp\/v2\/media?parent=9644"}],"curies":[{"name":"wp","href":"https:\/\/api.w.org\/{rel}","templated":true}]}}