{"id":9647,"date":"2021-02-10T10:23:09","date_gmt":"2021-02-10T08:23:09","guid":{"rendered":"https:\/\/montecenci.com\/?page_id=9647"},"modified":"2021-05-04T12:17:26","modified_gmt":"2021-05-04T10:17:26","slug":"recommended-vatican-tour","status":"publish","type":"page","link":"https:\/\/montecenci.com\/it\/cose-da-fare-a-roma\/recommended-vatican-tour\/","title":{"rendered":"Tour consigliato per il Vaticano"},"content":{"rendered":"<p>[vc_row][vc_column width=&#8221;1\/6&#8243;][\/vc_column][vc_column width=&#8221;2\/3&#8243;][vc_column_text]<\/p>\n<div class=\"st-service\">\n<p>Scopri la Citt\u00e0 del Vaticano e la Basilica di San Pietro (Salta la Fila)<\/p>\n<\/div>\n<p>[\/vc_column_text][\/vc_column][vc_column width=&#8221;1\/6&#8243;][\/vc_column][\/vc_row][vc_row][vc_column][vc_empty_space height=&#8221;80px&#8221;][\/vc_column][\/vc_row][vc_row content_placement=&#8221;middle&#8221; css=&#8221;.vc_custom_1612864883623{margin-bottom: 80px !important;}&#8221;][vc_column width=&#8221;1\/6&#8243; css=&#8221;.vc_custom_1553050481177{padding-left: 30px !important;}&#8221;][\/vc_column][vc_column width=&#8221;2\/3&#8243;]    <div class=\"content-text padding-0 st-default\">\r\n        <div class=\"st-text-center\">\r\n            <h2 class=\"text-center  style-2 \">I nostri suggerimenti per le migliori cose da fare a Roma<\/h2>\r\n            <div class=\"box__separator  hidden-thumb \"><\/div>\r\n            <div class=\"text-center\">All\u2019interno dei Musei Vaticani, si possono ammirare i migliori dipinti, le migliori sculture e opere d\u2019arte raccolti dai papi nel corso dei secoli. Nel Palazzo Apostolico resterai stupefatto dalla Cappella Sistina, in origine nota come Cappella Magna, restaurata tra il 1477 e il 1480, che prende il nome da Papa Sisto IV. Non perdere l\u2019opportunit\u00e0 di ammirare il Giudizio Universale di Michelangelo che adorna la soffitta.<\/p>\n<p>La visita finisce con la Basilica di San Pietro, una delle pi\u00f9 grandi chiese al mondo, progetto al quale presero parte Bramante, Michelangelo, Maderno e Bernini.<\/p>\n<p>Il Vaticano \u00e8 uno dei luoghi d\u2019interesse culturale pi\u00f9 affascinanti del mondo. Ti consigliamo vivamente di prenotare un tour guidato, corredato di visita di alcune delle attrazioni principali e informazioni sull\u2019architettura, sulla storia e sulla politica.<\/p>\n<h2>Tour del Vaticano, Cappella Sistina e Basilica di San Pietro<\/h2>\n<h3>Tour Privato:<\/h3>\n<p>Tour della durata di tre ore a piedi con accesso saltacoda. Con questo tour, una guida professionista e affidabile vi porta alla scoperta dei Musei Vaticani, della Cappella Sistina e della Basilica di San Pietro. Scegli il tour privato per avere la massima attenzione della guida e l\u2019opportunit\u00e0 di fare qualsiasi domanda!<\/p>\n<h3>Tour Semiprivato:<\/h3>\n<p>Unisciti a un gruppo fino a 4 persone per una visita presso uno dei musei pi\u00f9 importanti del mondo, in uno dei Paesi pi\u00f9 piccoli quale \u00e8 il Vaticano. Questo tour di tre ore ti permette di visitare i musei insieme a una guida professionista che sar\u00e0 felice di darti quante pi\u00f9 informazioni possibili in poco tempo.<\/p>\n<h3>Gruppo Privato:<\/h3>\n<p>Scopri i meravigliosi capolavori del Vaticano in un gruppo pi\u00f9 ampio, risparmiando denaro in una visita istruttiva della durata di tre ore in uno dei musei pi\u00f9 acclamati del mondo.<\/p>\n<h3>Nota bene:<\/h3>\n<p>Si pu\u00f2 fare anche il tour del Vaticano di notte. Il tour \u00e8 disponibile solo il venerd\u00ec sera e dura circa due ore e mezza.<\/p>\n<p><strong>Lingue Disponibili<\/strong>: inglese, francese, spagnolo, tedesco, russo, cinese, arabo (su richiesta), ebraico (su richiesta).<\/p>\n<p><strong>Sono compresi nel Tour<\/strong>: pick-up dall\u2019hotel, il trasporto, accesso saltacoda e la guida turistica.<\/p>\n<p><strong>Chiedi al Concierge<\/strong>! Il team socievole del Boutique Hotel Monte Cenci sar\u00e0 felice di fornirti assistenza nel programmare un soggiorno sensazionale a Roma.<\/div>\r\n        <\/div>\r\n    <\/div>\r\n[\/vc_column][vc_column width=&#8221;1\/6&#8243;][\/vc_column][\/vc_row][vc_row][vc_column width=&#8221;1\/3&#8243;][vc_single_image image=&#8221;9246&#8243; img_size=&#8221;large&#8221; alignment=&#8221;center&#8221; onclick=&#8221;custom_link&#8221; css=&#8221;.vc_custom_1612946806608{margin-bottom: 30px !important;}&#8221; link=&#8221;https:\/\/montecenci.com\/things-to-do-in-rome\/colosseum-roman-forum\/&#8221;]    <div class=\"content-text padding-0\">\r\n        <div class=\"st-text-center style-9\">\r\n            <h2 class=\"text-center style-9\">Colosseo &amp; Foro Romano<\/h2>\r\n            <div class=\"text-center style-9-content\"><\/div>\r\n        <\/div>\r\n    <\/div>\r\n\r\n    <div class=\"content-text padding-0\">\r\n        <div class=\"st-text-center style-6\">\r\n            <h2 class=\"text-center style-6\"><\/h2>\r\n            <div class=\"text-center style-6-content\">Cogli l\u2019occasione per visitare l\u2019interno del Colosseo, noto anche come Anfiteatro Flavio. Il pi\u00f9 grande anfiteatro mai costruito, veniva utilizzato per spettacoli pubblici e gare di gladiatori.<\/div>\r\n        <\/div>\r\n    <\/div>\r\n[\/vc_column][vc_column width=&#8221;1\/3&#8243;][vc_single_image image=&#8221;9254&#8243; img_size=&#8221;large&#8221; alignment=&#8221;center&#8221; onclick=&#8221;custom_link&#8221; css=&#8221;.vc_custom_1612947629539{margin-bottom: 30px !important;}&#8221; link=&#8221;https:\/\/montecenci.com\/things-to-do-in-rome\/jewish-ghetto-trastevere\/&#8221;]    <div class=\"content-text padding-0\">\r\n        <div class=\"st-text-center style-9\">\r\n            <h2 class=\"text-center style-9\">Quartiere Ebraico, Trastevere e Isola Tiberina<\/h2>\r\n            <div class=\"text-center style-9-content\"><\/div>\r\n        <\/div>\r\n    <\/div>\r\n\r\n    <div class=\"content-text padding-0\">\r\n        <div class=\"st-text-center style-6\">\r\n            <h2 class=\"text-center style-6\"><\/h2>\r\n            <div class=\"text-center style-6-content\">Dopo aver visto i monumenti pi\u00f9 famosi di Roma, esplora i vicoli del centro storico proprio intorno al nostro hotel: la maggior parte dei turisti non sa nemmeno che esistono.<\/div>\r\n        <\/div>\r\n    <\/div>\r\n[\/vc_column][vc_column width=&#8221;1\/3&#8243;][vc_single_image image=&#8221;9256&#8243; img_size=&#8221;large&#8221; alignment=&#8221;center&#8221; onclick=&#8221;custom_link&#8221; css=&#8221;.vc_custom_1612946867630{margin-bottom: 30px !important;}&#8221; link=&#8221;https:\/\/montecenci.com\/things-to-do-in-rome\/rome-mini-cooper-tour\/&#8221;]    <div class=\"content-text padding-0\">\r\n        <div class=\"st-text-center style-9\">\r\n            <h2 class=\"text-center style-9\">Tour di Roma in Mini Cooper<\/h2>\r\n            <div class=\"text-center style-9-content\"><\/div>\r\n        <\/div>\r\n    <\/div>\r\n\r\n    <div class=\"content-text padding-0\">\r\n        <div class=\"st-text-center style-6\">\r\n            <h2 class=\"text-center style-6\"><\/h2>\r\n            <div class=\"text-center style-6-content\">Lasciati guidare attraverso il patrimonio storico della nostra bellissima citt\u00e0 in una Mini Cooper!<\/div>\r\n        <\/div>\r\n    <\/div>\r\n[\/vc_column][\/vc_row][vc_row][vc_column][vc_empty_space height=&#8221;140px&#8221;][\/vc_column][\/vc_row]<\/p>\n","protected":false},"excerpt":{"rendered":"<p>[vc_row][vc_column width=&#8221;1\/6&#8243;][\/vc_column][vc_column width=&#8221;2\/3&#8243;][vc_column_text] Scopri la Citt\u00e0 del Vaticano e la Basilica di San Pietro (Salta la Fila) [\/vc_column_text][\/vc_column][vc_column width=&#8221;1\/6&#8243;][\/vc_column][\/vc_row][vc_row][vc_column][vc_empty_space height=&#8221;80px&#8221;][\/vc_column][\/vc_row][vc_row content_placement=&#8221;middle&#8221; css=&#8221;.vc_custom_1612864883623{margin-bottom: 80px !important;}&#8221;][vc_column width=&#8221;1\/6&#8243; css=&#8221;.vc_custom_1553050481177{padding-left: 30px !important;}&#8221;][\/vc_column][vc_column width=&#8221;2\/3&#8243;][\/vc_column][vc_column width=&#8221;1\/6&#8243;][\/vc_column][\/vc_row][vc_row][vc_column width=&#8221;1\/3&#8243;][vc_single_image image=&#8221;9246&#8243; img_size=&#8221;large&#8221; alignment=&#8221;center&#8221; onclick=&#8221;custom_link&#8221; css=&#8221;.vc_custom_1612946806608{margin-bottom: 30px !important;}&#8221; link=&#8221;https:\/\/montecenci.com\/things-to-do-in-rome\/colosseum-roman-forum\/&#8221;][\/vc_column][vc_column width=&#8221;1\/3&#8243;][vc_single_image image=&#8221;9254&#8243; img_size=&#8221;large&#8221; alignment=&#8221;center&#8221; onclick=&#8221;custom_link&#8221; css=&#8221;.vc_custom_1612947629539{margin-bottom: 30px !important;}&#8221; link=&#8221;https:\/\/montecenci.com\/things-to-do-in-rome\/jewish-ghetto-trastevere\/&#8221;][\/vc_column][vc_column width=&#8221;1\/3&#8243;][vc_single_image image=&#8221;9256&#8243; img_size=&#8221;large&#8221; alignment=&#8221;center&#8221; onclick=&#8221;custom_link&#8221; css=&#8221;.vc_custom_1612946867630{margin-bottom: 30px [&hellip;]<\/p>\n","protected":false},"author":3,"featured_media":9407,"parent":9625,"menu_order":0,"comment_status":"closed","ping_status":"closed","template":"template-single-hotel-modern.php","meta":{"_acf_changed":false,"footnotes":""},"class_list":["post-9647","page","type-page","status-publish","has-post-thumbnail","hentry"],"acf":[],"yoast_head":"<!-- This site is optimized with the Yoast SEO plugin v27.3 - https:\/\/yoast.com\/product\/yoast-seo-wordpress\/ -->\n<title>Tour consigliato per il Vaticano - Boutique Hotel Monte Cenci<\/title>\n<meta name=\"robots\" content=\"index, follow, max-snippet:-1, max-image-preview:large, max-video-preview:-1\" \/>\n<link rel=\"canonical\" href=\"https:\/\/montecenci.com\/it\/cose-da-fare-a-roma\/recommended-vatican-tour\/\" \/>\n<meta property=\"og:locale\" content=\"it_IT\" \/>\n<meta property=\"og:type\" content=\"article\" \/>\n<meta property=\"og:title\" content=\"Tour consigliato per il Vaticano - Boutique Hotel Monte Cenci\" \/>\n<meta property=\"og:description\" content=\"[vc_row][vc_column width=&#8221;1\/6&#8243;][\/vc_column][vc_column width=&#8221;2\/3&#8243;][vc_column_text] Scopri la Citt\u00e0 del Vaticano e la Basilica di San Pietro (Salta la Fila) [\/vc_column_text][\/vc_column][vc_column width=&#8221;1\/6&#8243;][\/vc_column][\/vc_row][vc_row][vc_column][vc_empty_space height=&#8221;80px&#8221;][\/vc_column][\/vc_row][vc_row content_placement=&#8221;middle&#8221; css=&#8221;.vc_custom_1612864883623{margin-bottom: 80px !important;}&#8221;][vc_column width=&#8221;1\/6&#8243; css=&#8221;.vc_custom_1553050481177{padding-left: 30px !important;}&#8221;][\/vc_column][vc_column width=&#8221;2\/3&#8243;][\/vc_column][vc_column width=&#8221;1\/6&#8243;][\/vc_column][\/vc_row][vc_row][vc_column width=&#8221;1\/3&#8243;][vc_single_image image=&#8221;9246&#8243; img_size=&#8221;large&#8221; alignment=&#8221;center&#8221; onclick=&#8221;custom_link&#8221; css=&#8221;.vc_custom_1612946806608{margin-bottom: 30px !important;}&#8221; link=&#8221;https:\/\/montecenci.com\/things-to-do-in-rome\/colosseum-roman-forum\/&#8221;][\/vc_column][vc_column width=&#8221;1\/3&#8243;][vc_single_image image=&#8221;9254&#8243; img_size=&#8221;large&#8221; alignment=&#8221;center&#8221; onclick=&#8221;custom_link&#8221; css=&#8221;.vc_custom_1612947629539{margin-bottom: 30px !important;}&#8221; link=&#8221;https:\/\/montecenci.com\/things-to-do-in-rome\/jewish-ghetto-trastevere\/&#8221;][\/vc_column][vc_column width=&#8221;1\/3&#8243;][vc_single_image image=&#8221;9256&#8243; img_size=&#8221;large&#8221; alignment=&#8221;center&#8221; onclick=&#8221;custom_link&#8221; css=&#8221;.vc_custom_1612946867630{margin-bottom: 30px [&hellip;]\" \/>\n<meta property=\"og:url\" content=\"https:\/\/montecenci.com\/it\/cose-da-fare-a-roma\/recommended-vatican-tour\/\" \/>\n<meta property=\"og:site_name\" content=\"Boutique Hotel Monte Cenci\" \/>\n<meta property=\"article:modified_time\" content=\"2021-05-04T10:17:26+00:00\" \/>\n<meta property=\"og:image\" content=\"https:\/\/montecenci.com\/wp-content\/uploads\/2021\/02\/rome_basilica-di-san-peter-vatican.jpg\" \/>\n\t<meta property=\"og:image:width\" content=\"1594\" \/>\n\t<meta property=\"og:image:height\" content=\"660\" \/>\n\t<meta property=\"og:image:type\" content=\"image\/jpeg\" \/>\n<meta name=\"twitter:card\" content=\"summary_large_image\" \/>\n<meta name=\"twitter:label1\" content=\"Tempo di lettura stimato\" \/>\n\t<meta name=\"twitter:data1\" content=\"4 minuti\" \/>\n<script type=\"application\/ld+json\" class=\"yoast-schema-graph\">{\"@context\":\"https:\\\/\\\/schema.org\",\"@graph\":[{\"@type\":\"WebPage\",\"@id\":\"https:\\\/\\\/montecenci.com\\\/it\\\/cose-da-fare-a-roma\\\/recommended-vatican-tour\\\/\",\"url\":\"https:\\\/\\\/montecenci.com\\\/it\\\/cose-da-fare-a-roma\\\/recommended-vatican-tour\\\/\",\"name\":\"Tour consigliato per il Vaticano - Boutique Hotel Monte Cenci\",\"isPartOf\":{\"@id\":\"https:\\\/\\\/montecenci.com\\\/#website\"},\"primaryImageOfPage\":{\"@id\":\"https:\\\/\\\/montecenci.com\\\/it\\\/cose-da-fare-a-roma\\\/recommended-vatican-tour\\\/#primaryimage\"},\"image\":{\"@id\":\"https:\\\/\\\/montecenci.com\\\/it\\\/cose-da-fare-a-roma\\\/recommended-vatican-tour\\\/#primaryimage\"},\"thumbnailUrl\":\"https:\\\/\\\/montecenci.com\\\/wp-content\\\/uploads\\\/2021\\\/02\\\/rome_basilica-di-san-peter-vatican.jpg\",\"datePublished\":\"2021-02-10T08:23:09+00:00\",\"dateModified\":\"2021-05-04T10:17:26+00:00\",\"breadcrumb\":{\"@id\":\"https:\\\/\\\/montecenci.com\\\/it\\\/cose-da-fare-a-roma\\\/recommended-vatican-tour\\\/#breadcrumb\"},\"inLanguage\":\"it-IT\",\"potentialAction\":[{\"@type\":\"ReadAction\",\"target\":[\"https:\\\/\\\/montecenci.com\\\/it\\\/cose-da-fare-a-roma\\\/recommended-vatican-tour\\\/\"]}]},{\"@type\":\"ImageObject\",\"inLanguage\":\"it-IT\",\"@id\":\"https:\\\/\\\/montecenci.com\\\/it\\\/cose-da-fare-a-roma\\\/recommended-vatican-tour\\\/#primaryimage\",\"url\":\"https:\\\/\\\/montecenci.com\\\/wp-content\\\/uploads\\\/2021\\\/02\\\/rome_basilica-di-san-peter-vatican.jpg\",\"contentUrl\":\"https:\\\/\\\/montecenci.com\\\/wp-content\\\/uploads\\\/2021\\\/02\\\/rome_basilica-di-san-peter-vatican.jpg\",\"width\":1594,\"height\":660},{\"@type\":\"BreadcrumbList\",\"@id\":\"https:\\\/\\\/montecenci.com\\\/it\\\/cose-da-fare-a-roma\\\/recommended-vatican-tour\\\/#breadcrumb\",\"itemListElement\":[{\"@type\":\"ListItem\",\"position\":1,\"name\":\"Home\",\"item\":\"https:\\\/\\\/montecenci.com\\\/it\\\/\"},{\"@type\":\"ListItem\",\"position\":2,\"name\":\"Cose da fare a Roma\",\"item\":\"https:\\\/\\\/montecenci.com\\\/it\\\/cose-da-fare-a-roma\\\/\"},{\"@type\":\"ListItem\",\"position\":3,\"name\":\"Tour consigliato per il Vaticano\"}]},{\"@type\":\"WebSite\",\"@id\":\"https:\\\/\\\/montecenci.com\\\/#website\",\"url\":\"https:\\\/\\\/montecenci.com\\\/\",\"name\":\"Boutique Hotel Monte Cenci\",\"description\":\"\",\"potentialAction\":[{\"@type\":\"SearchAction\",\"target\":{\"@type\":\"EntryPoint\",\"urlTemplate\":\"https:\\\/\\\/montecenci.com\\\/?s={search_term_string}\"},\"query-input\":{\"@type\":\"PropertyValueSpecification\",\"valueRequired\":true,\"valueName\":\"search_term_string\"}}],\"inLanguage\":\"it-IT\"}]}<\/script>\n<!-- \/ Yoast SEO plugin. -->","yoast_head_json":{"title":"Tour consigliato per il Vaticano - Boutique Hotel Monte Cenci","robots":{"index":"index","follow":"follow","max-snippet":"max-snippet:-1","max-image-preview":"max-image-preview:large","max-video-preview":"max-video-preview:-1"},"canonical":"https:\/\/montecenci.com\/it\/cose-da-fare-a-roma\/recommended-vatican-tour\/","og_locale":"it_IT","og_type":"article","og_title":"Tour consigliato per il Vaticano - Boutique Hotel Monte Cenci","og_description":"[vc_row][vc_column width=&#8221;1\/6&#8243;][\/vc_column][vc_column width=&#8221;2\/3&#8243;][vc_column_text] Scopri la Citt\u00e0 del Vaticano e la Basilica di San Pietro (Salta la Fila) [\/vc_column_text][\/vc_column][vc_column width=&#8221;1\/6&#8243;][\/vc_column][\/vc_row][vc_row][vc_column][vc_empty_space height=&#8221;80px&#8221;][\/vc_column][\/vc_row][vc_row content_placement=&#8221;middle&#8221; css=&#8221;.vc_custom_1612864883623{margin-bottom: 80px !important;}&#8221;][vc_column width=&#8221;1\/6&#8243; css=&#8221;.vc_custom_1553050481177{padding-left: 30px !important;}&#8221;][\/vc_column][vc_column width=&#8221;2\/3&#8243;][\/vc_column][vc_column width=&#8221;1\/6&#8243;][\/vc_column][\/vc_row][vc_row][vc_column width=&#8221;1\/3&#8243;][vc_single_image image=&#8221;9246&#8243; img_size=&#8221;large&#8221; alignment=&#8221;center&#8221; onclick=&#8221;custom_link&#8221; css=&#8221;.vc_custom_1612946806608{margin-bottom: 30px !important;}&#8221; link=&#8221;https:\/\/montecenci.com\/things-to-do-in-rome\/colosseum-roman-forum\/&#8221;][\/vc_column][vc_column width=&#8221;1\/3&#8243;][vc_single_image image=&#8221;9254&#8243; img_size=&#8221;large&#8221; alignment=&#8221;center&#8221; onclick=&#8221;custom_link&#8221; css=&#8221;.vc_custom_1612947629539{margin-bottom: 30px !important;}&#8221; link=&#8221;https:\/\/montecenci.com\/things-to-do-in-rome\/jewish-ghetto-trastevere\/&#8221;][\/vc_column][vc_column width=&#8221;1\/3&#8243;][vc_single_image image=&#8221;9256&#8243; img_size=&#8221;large&#8221; alignment=&#8221;center&#8221; onclick=&#8221;custom_link&#8221; css=&#8221;.vc_custom_1612946867630{margin-bottom: 30px [&hellip;]","og_url":"https:\/\/montecenci.com\/it\/cose-da-fare-a-roma\/recommended-vatican-tour\/","og_site_name":"Boutique Hotel Monte Cenci","article_modified_time":"2021-05-04T10:17:26+00:00","og_image":[{"width":1594,"height":660,"url":"https:\/\/montecenci.com\/wp-content\/uploads\/2021\/02\/rome_basilica-di-san-peter-vatican.jpg","type":"image\/jpeg"}],"twitter_card":"summary_large_image","twitter_misc":{"Tempo di lettura stimato":"4 minuti"},"schema":{"@context":"https:\/\/schema.org","@graph":[{"@type":"WebPage","@id":"https:\/\/montecenci.com\/it\/cose-da-fare-a-roma\/recommended-vatican-tour\/","url":"https:\/\/montecenci.com\/it\/cose-da-fare-a-roma\/recommended-vatican-tour\/","name":"Tour consigliato per il Vaticano - Boutique Hotel Monte Cenci","isPartOf":{"@id":"https:\/\/montecenci.com\/#website"},"primaryImageOfPage":{"@id":"https:\/\/montecenci.com\/it\/cose-da-fare-a-roma\/recommended-vatican-tour\/#primaryimage"},"image":{"@id":"https:\/\/montecenci.com\/it\/cose-da-fare-a-roma\/recommended-vatican-tour\/#primaryimage"},"thumbnailUrl":"https:\/\/montecenci.com\/wp-content\/uploads\/2021\/02\/rome_basilica-di-san-peter-vatican.jpg","datePublished":"2021-02-10T08:23:09+00:00","dateModified":"2021-05-04T10:17:26+00:00","breadcrumb":{"@id":"https:\/\/montecenci.com\/it\/cose-da-fare-a-roma\/recommended-vatican-tour\/#breadcrumb"},"inLanguage":"it-IT","potentialAction":[{"@type":"ReadAction","target":["https:\/\/montecenci.com\/it\/cose-da-fare-a-roma\/recommended-vatican-tour\/"]}]},{"@type":"ImageObject","inLanguage":"it-IT","@id":"https:\/\/montecenci.com\/it\/cose-da-fare-a-roma\/recommended-vatican-tour\/#primaryimage","url":"https:\/\/montecenci.com\/wp-content\/uploads\/2021\/02\/rome_basilica-di-san-peter-vatican.jpg","contentUrl":"https:\/\/montecenci.com\/wp-content\/uploads\/2021\/02\/rome_basilica-di-san-peter-vatican.jpg","width":1594,"height":660},{"@type":"BreadcrumbList","@id":"https:\/\/montecenci.com\/it\/cose-da-fare-a-roma\/recommended-vatican-tour\/#breadcrumb","itemListElement":[{"@type":"ListItem","position":1,"name":"Home","item":"https:\/\/montecenci.com\/it\/"},{"@type":"ListItem","position":2,"name":"Cose da fare a Roma","item":"https:\/\/montecenci.com\/it\/cose-da-fare-a-roma\/"},{"@type":"ListItem","position":3,"name":"Tour consigliato per il Vaticano"}]},{"@type":"WebSite","@id":"https:\/\/montecenci.com\/#website","url":"https:\/\/montecenci.com\/","name":"Boutique Hotel Monte Cenci","description":"","potentialAction":[{"@type":"SearchAction","target":{"@type":"EntryPoint","urlTemplate":"https:\/\/montecenci.com\/?s={search_term_string}"},"query-input":{"@type":"PropertyValueSpecification","valueRequired":true,"valueName":"search_term_string"}}],"inLanguage":"it-IT"}]}},"_links":{"self":[{"href":"https:\/\/montecenci.com\/it\/wp-json\/wp\/v2\/pages\/9647","targetHints":{"allow":["GET"]}}],"collection":[{"href":"https:\/\/montecenci.com\/it\/wp-json\/wp\/v2\/pages"}],"about":[{"href":"https:\/\/montecenci.com\/it\/wp-json\/wp\/v2\/types\/page"}],"author":[{"embeddable":true,"href":"https:\/\/montecenci.com\/it\/wp-json\/wp\/v2\/users\/3"}],"replies":[{"embeddable":true,"href":"https:\/\/montecenci.com\/it\/wp-json\/wp\/v2\/comments?post=9647"}],"version-history":[{"count":0,"href":"https:\/\/montecenci.com\/it\/wp-json\/wp\/v2\/pages\/9647\/revisions"}],"up":[{"embeddable":true,"href":"https:\/\/montecenci.com\/it\/wp-json\/wp\/v2\/pages\/9625"}],"wp:featuredmedia":[{"embeddable":true,"href":"https:\/\/montecenci.com\/it\/wp-json\/wp\/v2\/media\/9407"}],"wp:attachment":[{"href":"https:\/\/montecenci.com\/it\/wp-json\/wp\/v2\/media?parent=9647"}],"curies":[{"name":"wp","href":"https:\/\/api.w.org\/{rel}","templated":true}]}}